{"id":9727,"date":"2023-09-11T12:46:56","date_gmt":"2023-09-11T12:46:56","guid":{"rendered":"https:\/\/climate-wise.com\/?post_type=product&#038;p=9727"},"modified":"2023-09-11T12:46:56","modified_gmt":"2023-09-11T12:46:56","slug":"silla-tigre-graduado-manime","status":"publish","type":"product","link":"https:\/\/climate-wise.com\/es\/producto\/silla-tigre-graduado-manime\/","title":{"rendered":"Silla tigre graduado ManiMe"},"content":{"rendered":"<p>Las sillas ManiMe est\u00e1n disponibles en dos tama\u00f1os, cada una con cuatro opciones divertidas de dise\u00f1os inspirados en animales, un mono, panda, oso y tigre.<\/p>\n<p>El ManiMe Cub es un dise\u00f1o m\u00e1s peque\u00f1o y simple destinado a la guarder\u00eda y a los ni\u00f1os m\u00e1s peque\u00f1os de primaria. Para los mayores de seis a\u00f1os, el ManiMe Graduate es un poco m\u00e1s grande e incorpora un riel colgante para pantalones, faldas, pantalones cortos o faldas.<\/p>\n<p><img loading=\"lazy\" decoding=\"async\" class=\"aligncenter wp-image-2859 size-full\" src=\"https:\/\/wordpress-395122-3846100.cloudwaysapps.com\/wp-content\/uploads\/2020\/06\/IMG_2182.png\" alt=\"\" width=\"1500\" height=\"1500\" \/><\/p>\n","protected":false},"excerpt":{"rendered":"<p>Bellamente elaborado a partir de bamb\u00fa sostenible, ManiMe es una impresionante silla de valet para ni\u00f1os.<\/p>\n<p>Al proporcionar estilo y funcionalidad a cualquier zona infantil, el ManiMe ha sido cuidadosamente dise\u00f1ado con la escala y las dimensiones correctas para alentar a los ni\u00f1os a vestirse independientemente preparando su ropa la noche anterior bajo supervisi\u00f3n.<\/p>\n<p>Los art\u00edculos se pueden tomar directamente de su armario y colocarlos en la silla de valet que tiene un sistema de suspensi\u00f3n de tres niveles y espacios asignados para calcetines, ropa interior y zapatos.<\/p>\n<p>Es mucho m\u00e1s que una silla &#8230;<\/p>\n","protected":false},"featured_media":9589,"comment_status":"open","ping_status":"closed","template":"","meta":[],"product_cat":[182],"product_tag":[],"class_list":{"0":"post-9727","1":"product","2":"type-product","3":"status-publish","4":"has-post-thumbnail","6":"product_cat-manime-es","7":"entry","9":"first","10":"instock","11":"shipping-taxable","12":"product-type-external"},"acf":[],"yoast_head":"<!-- This site is optimized with the Yoast SEO plugin v25.1 - https:\/\/yoast.com\/wordpress\/plugins\/seo\/ -->\n<title>Silla tigre graduado ManiMe - Climate Wise<\/title>\n<meta name=\"robots\" content=\"index, follow, max-snippet:-1, max-image-preview:large, max-video-preview:-1\" \/>\n<link rel=\"canonical\" href=\"https:\/\/climate-wise.com\/producto\/silla-tigre-graduado-manime\/?lang=es\" \/>\n<meta property=\"og:locale\" content=\"es_ES\" \/>\n<meta property=\"og:type\" content=\"article\" \/>\n<meta property=\"og:title\" content=\"Silla tigre graduado ManiMe - Climate Wise\" \/>\n<meta property=\"og:description\" content=\"Bellamente elaborado a partir de bamb\u00fa sostenible, ManiMe es una impresionante silla de valet para ni\u00f1os.  Al proporcionar estilo y funcionalidad a cualquier zona infantil, el ManiMe ha sido cuidadosamente dise\u00f1ado con la escala y las dimensiones correctas para alentar a los ni\u00f1os a vestirse independientemente preparando su ropa la noche anterior bajo supervisi\u00f3n.  Los art\u00edculos se pueden tomar directamente de su armario y colocarlos en la silla de valet que tiene un sistema de suspensi\u00f3n de tres niveles y espacios asignados para calcetines, ropa interior y zapatos.  Es mucho m\u00e1s que una silla ...\" \/>\n<meta property=\"og:url\" content=\"https:\/\/climate-wise.com\/producto\/silla-tigre-graduado-manime\/?lang=es\" \/>\n<meta property=\"og:site_name\" content=\"Climate Wise\" \/>\n<meta property=\"og:image\" content=\"https:\/\/climate-wise.com\/wp-content\/uploads\/2023\/09\/ManiMe-Graduate-Tiger-CW-1.png\" \/>\n\t<meta property=\"og:image:width\" content=\"1080\" \/>\n\t<meta property=\"og:image:height\" content=\"1080\" \/>\n\t<meta property=\"og:image:type\" content=\"image\/png\" \/>\n<meta name=\"twitter:card\" content=\"summary_large_image\" \/>\n<script type=\"application\/ld+json\" class=\"yoast-schema-graph\">{\"@context\":\"https:\/\/schema.org\",\"@graph\":[{\"@type\":\"WebPage\",\"@id\":\"https:\/\/climate-wise.com\/producto\/silla-tigre-graduado-manime\/?lang=es\",\"url\":\"https:\/\/climate-wise.com\/producto\/silla-tigre-graduado-manime\/?lang=es\",\"name\":\"Silla tigre graduado ManiMe - Climate Wise\",\"isPartOf\":{\"@id\":\"https:\/\/climate-wise.com\/#website\"},\"primaryImageOfPage\":{\"@id\":\"https:\/\/climate-wise.com\/producto\/silla-tigre-graduado-manime\/?lang=es#primaryimage\"},\"image\":{\"@id\":\"https:\/\/climate-wise.com\/producto\/silla-tigre-graduado-manime\/?lang=es#primaryimage\"},\"thumbnailUrl\":\"https:\/\/climate-wise.com\/wp-content\/uploads\/2023\/09\/ManiMe-Graduate-Tiger-CW-1.png\",\"datePublished\":\"2023-09-11T12:46:56+00:00\",\"breadcrumb\":{\"@id\":\"https:\/\/climate-wise.com\/producto\/silla-tigre-graduado-manime\/?lang=es#breadcrumb\"},\"inLanguage\":\"es\",\"potentialAction\":[{\"@type\":\"ReadAction\",\"target\":[\"https:\/\/climate-wise.com\/producto\/silla-tigre-graduado-manime\/?lang=es\"]}]},{\"@type\":\"ImageObject\",\"inLanguage\":\"es\",\"@id\":\"https:\/\/climate-wise.com\/producto\/silla-tigre-graduado-manime\/?lang=es#primaryimage\",\"url\":\"https:\/\/climate-wise.com\/wp-content\/uploads\/2023\/09\/ManiMe-Graduate-Tiger-CW-1.png\",\"contentUrl\":\"https:\/\/climate-wise.com\/wp-content\/uploads\/2023\/09\/ManiMe-Graduate-Tiger-CW-1.png\",\"width\":1080,\"height\":1080},{\"@type\":\"BreadcrumbList\",\"@id\":\"https:\/\/climate-wise.com\/producto\/silla-tigre-graduado-manime\/?lang=es#breadcrumb\",\"itemListElement\":[{\"@type\":\"ListItem\",\"position\":1,\"name\":\"Home\",\"item\":\"https:\/\/climate-wise.com\/es\/\"},{\"@type\":\"ListItem\",\"position\":2,\"name\":\"Tienda\",\"item\":\"https:\/\/climate-wise.com\/tienda\/?lang=es\"},{\"@type\":\"ListItem\",\"position\":3,\"name\":\"Silla tigre graduado ManiMe\"}]},{\"@type\":\"WebSite\",\"@id\":\"https:\/\/climate-wise.com\/#website\",\"url\":\"https:\/\/climate-wise.com\/\",\"name\":\"Climate Wise\",\"description\":\"\",\"publisher\":{\"@id\":\"https:\/\/climate-wise.com\/#organization\"},\"potentialAction\":[{\"@type\":\"SearchAction\",\"target\":{\"@type\":\"EntryPoint\",\"urlTemplate\":\"https:\/\/climate-wise.com\/?s={search_term_string}\"},\"query-input\":{\"@type\":\"PropertyValueSpecification\",\"valueRequired\":true,\"valueName\":\"search_term_string\"}}],\"inLanguage\":\"es\"},{\"@type\":\"Organization\",\"@id\":\"https:\/\/climate-wise.com\/#organization\",\"name\":\"Climate Wise\",\"url\":\"https:\/\/climate-wise.com\/\",\"logo\":{\"@type\":\"ImageObject\",\"inLanguage\":\"es\",\"@id\":\"https:\/\/climate-wise.com\/#\/schema\/logo\/image\/\",\"url\":\"https:\/\/climate-wise.com\/wp-content\/uploads\/2023\/10\/logo-5.png\",\"contentUrl\":\"https:\/\/climate-wise.com\/wp-content\/uploads\/2023\/10\/logo-5.png\",\"width\":209,\"height\":66,\"caption\":\"Climate Wise\"},\"image\":{\"@id\":\"https:\/\/climate-wise.com\/#\/schema\/logo\/image\/\"}}]}<\/script>\n<!-- \/ Yoast SEO plugin. -->","yoast_head_json":{"title":"Silla tigre graduado ManiMe - Climate Wise","robots":{"index":"index","follow":"follow","max-snippet":"max-snippet:-1","max-image-preview":"max-image-preview:large","max-video-preview":"max-video-preview:-1"},"canonical":"https:\/\/climate-wise.com\/producto\/silla-tigre-graduado-manime\/?lang=es","og_locale":"es_ES","og_type":"article","og_title":"Silla tigre graduado ManiMe - Climate Wise","og_description":"Bellamente elaborado a partir de bamb\u00fa sostenible, ManiMe es una impresionante silla de valet para ni\u00f1os.  Al proporcionar estilo y funcionalidad a cualquier zona infantil, el ManiMe ha sido cuidadosamente dise\u00f1ado con la escala y las dimensiones correctas para alentar a los ni\u00f1os a vestirse independientemente preparando su ropa la noche anterior bajo supervisi\u00f3n.  Los art\u00edculos se pueden tomar directamente de su armario y colocarlos en la silla de valet que tiene un sistema de suspensi\u00f3n de tres niveles y espacios asignados para calcetines, ropa interior y zapatos.  Es mucho m\u00e1s que una silla ...","og_url":"https:\/\/climate-wise.com\/producto\/silla-tigre-graduado-manime\/?lang=es","og_site_name":"Climate Wise","og_image":[{"width":1080,"height":1080,"url":"https:\/\/climate-wise.com\/wp-content\/uploads\/2023\/09\/ManiMe-Graduate-Tiger-CW-1.png","type":"image\/png"}],"twitter_card":"summary_large_image","schema":{"@context":"https:\/\/schema.org","@graph":[{"@type":"WebPage","@id":"https:\/\/climate-wise.com\/producto\/silla-tigre-graduado-manime\/?lang=es","url":"https:\/\/climate-wise.com\/producto\/silla-tigre-graduado-manime\/?lang=es","name":"Silla tigre graduado ManiMe - Climate Wise","isPartOf":{"@id":"https:\/\/climate-wise.com\/#website"},"primaryImageOfPage":{"@id":"https:\/\/climate-wise.com\/producto\/silla-tigre-graduado-manime\/?lang=es#primaryimage"},"image":{"@id":"https:\/\/climate-wise.com\/producto\/silla-tigre-graduado-manime\/?lang=es#primaryimage"},"thumbnailUrl":"https:\/\/climate-wise.com\/wp-content\/uploads\/2023\/09\/ManiMe-Graduate-Tiger-CW-1.png","datePublished":"2023-09-11T12:46:56+00:00","breadcrumb":{"@id":"https:\/\/climate-wise.com\/producto\/silla-tigre-graduado-manime\/?lang=es#breadcrumb"},"inLanguage":"es","potentialAction":[{"@type":"ReadAction","target":["https:\/\/climate-wise.com\/producto\/silla-tigre-graduado-manime\/?lang=es"]}]},{"@type":"ImageObject","inLanguage":"es","@id":"https:\/\/climate-wise.com\/producto\/silla-tigre-graduado-manime\/?lang=es#primaryimage","url":"https:\/\/climate-wise.com\/wp-content\/uploads\/2023\/09\/ManiMe-Graduate-Tiger-CW-1.png","contentUrl":"https:\/\/climate-wise.com\/wp-content\/uploads\/2023\/09\/ManiMe-Graduate-Tiger-CW-1.png","width":1080,"height":1080},{"@type":"BreadcrumbList","@id":"https:\/\/climate-wise.com\/producto\/silla-tigre-graduado-manime\/?lang=es#breadcrumb","itemListElement":[{"@type":"ListItem","position":1,"name":"Home","item":"https:\/\/climate-wise.com\/es\/"},{"@type":"ListItem","position":2,"name":"Tienda","item":"https:\/\/climate-wise.com\/tienda\/?lang=es"},{"@type":"ListItem","position":3,"name":"Silla tigre graduado ManiMe"}]},{"@type":"WebSite","@id":"https:\/\/climate-wise.com\/#website","url":"https:\/\/climate-wise.com\/","name":"Climate Wise","description":"","publisher":{"@id":"https:\/\/climate-wise.com\/#organization"},"potentialAction":[{"@type":"SearchAction","target":{"@type":"EntryPoint","urlTemplate":"https:\/\/climate-wise.com\/?s={search_term_string}"},"query-input":{"@type":"PropertyValueSpecification","valueRequired":true,"valueName":"search_term_string"}}],"inLanguage":"es"},{"@type":"Organization","@id":"https:\/\/climate-wise.com\/#organization","name":"Climate Wise","url":"https:\/\/climate-wise.com\/","logo":{"@type":"ImageObject","inLanguage":"es","@id":"https:\/\/climate-wise.com\/#\/schema\/logo\/image\/","url":"https:\/\/climate-wise.com\/wp-content\/uploads\/2023\/10\/logo-5.png","contentUrl":"https:\/\/climate-wise.com\/wp-content\/uploads\/2023\/10\/logo-5.png","width":209,"height":66,"caption":"Climate Wise"},"image":{"@id":"https:\/\/climate-wise.com\/#\/schema\/logo\/image\/"}}]}},"post_mailing_queue_ids":[],"_links":{"self":[{"href":"https:\/\/climate-wise.com\/es\/wp-json\/wp\/v2\/product\/9727","targetHints":{"allow":["GET"]}}],"collection":[{"href":"https:\/\/climate-wise.com\/es\/wp-json\/wp\/v2\/product"}],"about":[{"href":"https:\/\/climate-wise.com\/es\/wp-json\/wp\/v2\/types\/product"}],"replies":[{"embeddable":true,"href":"https:\/\/climate-wise.com\/es\/wp-json\/wp\/v2\/comments?post=9727"}],"wp:featuredmedia":[{"embeddable":true,"href":"https:\/\/climate-wise.com\/es\/wp-json\/wp\/v2\/media\/9589"}],"wp:attachment":[{"href":"https:\/\/climate-wise.com\/es\/wp-json\/wp\/v2\/media?parent=9727"}],"wp:term":[{"taxonomy":"product_cat","embeddable":true,"href":"https:\/\/climate-wise.com\/es\/wp-json\/wp\/v2\/product_cat?post=9727"},{"taxonomy":"product_tag","embeddable":true,"href":"https:\/\/climate-wise.com\/es\/wp-json\/wp\/v2\/product_tag?post=9727"}],"curies":[{"name":"wp","href":"https:\/\/api.w.org\/{rel}","templated":true}]}}