{"id":9761,"date":"2023-09-11T13:27:23","date_gmt":"2023-09-11T13:27:23","guid":{"rendered":"https:\/\/climate-wise.com\/?post_type=product&#038;p=9761"},"modified":"2023-09-11T13:27:24","modified_gmt":"2023-09-11T13:27:24","slug":"botella-de-agua","status":"publish","type":"product","link":"https:\/\/climate-wise.com\/es\/producto\/botella-de-agua\/","title":{"rendered":"Botella de agua"},"content":{"rendered":"<p>Esta botella de agua de metal de 500 ml y doble pared es del tama\u00f1o perfecto para llevar con usted mientras se concentra en su propia salud e hidrataci\u00f3n. Manteniendo su bebida fresca, estar\u00e1 ayudando al clima al reducir su necesidad de usar botellas o vasos de pl\u00e1stico. Esta botella puede estar con usted en todas partes y puede unirse a nuestra comunidad mientras buscamos poner fotos de nuestras botellas de agua Climate Wise en todo el mundo en nuestro sitio web. Vea si puede obtener uno en el lugar m\u00e1s remoto ?<\/p>\n","protected":false},"excerpt":{"rendered":"<p>Esta botella de agua de metal de 500 ml y doble pared es del tama\u00f1o perfecto para llevar con usted mientras se concentra en su propia salud e hidrataci\u00f3n. Manteniendo su bebida fresca, estar\u00e1 ayudando al clima al reducir su necesidad de usar botellas o vasos de pl\u00e1stico. Esta botella puede estar con usted en todas partes y puede unirse a nuestra comunidad mientras buscamos poner fotos de nuestras botellas de agua Climate Wise en todo el mundo en nuestro sitio web. Vea si puede obtener uno en el lugar m\u00e1s remoto ?<\/p>\n","protected":false},"featured_media":9696,"comment_status":"open","ping_status":"closed","template":"","meta":[],"product_cat":[181],"product_tag":[],"class_list":{"0":"post-9761","1":"product","2":"type-product","3":"status-publish","4":"has-post-thumbnail","6":"product_cat-sin-categorizar","7":"entry","9":"first","10":"instock","11":"shipping-taxable","12":"purchasable","13":"product-type-simple"},"acf":[],"yoast_head":"<!-- This site is optimized with the Yoast SEO plugin v25.1 - https:\/\/yoast.com\/wordpress\/plugins\/seo\/ -->\n<title>Botella de agua - Climate Wise<\/title>\n<meta name=\"robots\" content=\"index, follow, max-snippet:-1, max-image-preview:large, max-video-preview:-1\" \/>\n<link rel=\"canonical\" href=\"https:\/\/climate-wise.com\/producto\/botella-de-agua\/?lang=es\" \/>\n<meta property=\"og:locale\" content=\"es_ES\" \/>\n<meta property=\"og:type\" content=\"article\" \/>\n<meta property=\"og:title\" content=\"Botella de agua - Climate Wise\" \/>\n<meta property=\"og:description\" content=\"Esta botella de agua de metal de 500 ml y doble pared es del tama\u00f1o perfecto para llevar con usted mientras se concentra en su propia salud e hidrataci\u00f3n. Manteniendo su bebida fresca, estar\u00e1 ayudando al clima al reducir su necesidad de usar botellas o vasos de pl\u00e1stico. Esta botella puede estar con usted en todas partes y puede unirse a nuestra comunidad mientras buscamos poner fotos de nuestras botellas de agua Climate Wise en todo el mundo en nuestro sitio web. Vea si puede obtener uno en el lugar m\u00e1s remoto ?\" \/>\n<meta property=\"og:url\" content=\"https:\/\/climate-wise.com\/producto\/botella-de-agua\/?lang=es\" \/>\n<meta property=\"og:site_name\" content=\"Climate Wise\" \/>\n<meta property=\"article:modified_time\" content=\"2023-09-11T13:27:24+00:00\" \/>\n<meta property=\"og:image\" content=\"https:\/\/climate-wise.com\/wp-content\/uploads\/2023\/09\/Bottle-CW.jpg\" \/>\n\t<meta property=\"og:image:width\" content=\"1000\" \/>\n\t<meta property=\"og:image:height\" content=\"1000\" \/>\n\t<meta property=\"og:image:type\" content=\"image\/jpeg\" \/>\n<meta name=\"twitter:card\" content=\"summary_large_image\" \/>\n<script type=\"application\/ld+json\" class=\"yoast-schema-graph\">{\"@context\":\"https:\/\/schema.org\",\"@graph\":[{\"@type\":\"WebPage\",\"@id\":\"https:\/\/climate-wise.com\/producto\/botella-de-agua\/?lang=es\",\"url\":\"https:\/\/climate-wise.com\/producto\/botella-de-agua\/?lang=es\",\"name\":\"Botella de agua - Climate Wise\",\"isPartOf\":{\"@id\":\"https:\/\/climate-wise.com\/#website\"},\"primaryImageOfPage\":{\"@id\":\"https:\/\/climate-wise.com\/producto\/botella-de-agua\/?lang=es#primaryimage\"},\"image\":{\"@id\":\"https:\/\/climate-wise.com\/producto\/botella-de-agua\/?lang=es#primaryimage\"},\"thumbnailUrl\":\"https:\/\/climate-wise.com\/wp-content\/uploads\/2023\/09\/Bottle-CW.jpg\",\"datePublished\":\"2023-09-11T13:27:23+00:00\",\"dateModified\":\"2023-09-11T13:27:24+00:00\",\"breadcrumb\":{\"@id\":\"https:\/\/climate-wise.com\/producto\/botella-de-agua\/?lang=es#breadcrumb\"},\"inLanguage\":\"es\",\"potentialAction\":[{\"@type\":\"ReadAction\",\"target\":[\"https:\/\/climate-wise.com\/producto\/botella-de-agua\/?lang=es\"]}]},{\"@type\":\"ImageObject\",\"inLanguage\":\"es\",\"@id\":\"https:\/\/climate-wise.com\/producto\/botella-de-agua\/?lang=es#primaryimage\",\"url\":\"https:\/\/climate-wise.com\/wp-content\/uploads\/2023\/09\/Bottle-CW.jpg\",\"contentUrl\":\"https:\/\/climate-wise.com\/wp-content\/uploads\/2023\/09\/Bottle-CW.jpg\",\"width\":1000,\"height\":1000},{\"@type\":\"BreadcrumbList\",\"@id\":\"https:\/\/climate-wise.com\/producto\/botella-de-agua\/?lang=es#breadcrumb\",\"itemListElement\":[{\"@type\":\"ListItem\",\"position\":1,\"name\":\"Home\",\"item\":\"https:\/\/climate-wise.com\/es\/\"},{\"@type\":\"ListItem\",\"position\":2,\"name\":\"Tienda\",\"item\":\"https:\/\/climate-wise.com\/tienda\/?lang=es\"},{\"@type\":\"ListItem\",\"position\":3,\"name\":\"Botella de agua\"}]},{\"@type\":\"WebSite\",\"@id\":\"https:\/\/climate-wise.com\/#website\",\"url\":\"https:\/\/climate-wise.com\/\",\"name\":\"Climate Wise\",\"description\":\"\",\"publisher\":{\"@id\":\"https:\/\/climate-wise.com\/#organization\"},\"potentialAction\":[{\"@type\":\"SearchAction\",\"target\":{\"@type\":\"EntryPoint\",\"urlTemplate\":\"https:\/\/climate-wise.com\/?s={search_term_string}\"},\"query-input\":{\"@type\":\"PropertyValueSpecification\",\"valueRequired\":true,\"valueName\":\"search_term_string\"}}],\"inLanguage\":\"es\"},{\"@type\":\"Organization\",\"@id\":\"https:\/\/climate-wise.com\/#organization\",\"name\":\"Climate Wise\",\"url\":\"https:\/\/climate-wise.com\/\",\"logo\":{\"@type\":\"ImageObject\",\"inLanguage\":\"es\",\"@id\":\"https:\/\/climate-wise.com\/#\/schema\/logo\/image\/\",\"url\":\"https:\/\/climate-wise.com\/wp-content\/uploads\/2023\/10\/logo-5.png\",\"contentUrl\":\"https:\/\/climate-wise.com\/wp-content\/uploads\/2023\/10\/logo-5.png\",\"width\":209,\"height\":66,\"caption\":\"Climate Wise\"},\"image\":{\"@id\":\"https:\/\/climate-wise.com\/#\/schema\/logo\/image\/\"}}]}<\/script>\n<!-- \/ Yoast SEO plugin. -->","yoast_head_json":{"title":"Botella de agua - Climate Wise","robots":{"index":"index","follow":"follow","max-snippet":"max-snippet:-1","max-image-preview":"max-image-preview:large","max-video-preview":"max-video-preview:-1"},"canonical":"https:\/\/climate-wise.com\/producto\/botella-de-agua\/?lang=es","og_locale":"es_ES","og_type":"article","og_title":"Botella de agua - Climate Wise","og_description":"Esta botella de agua de metal de 500 ml y doble pared es del tama\u00f1o perfecto para llevar con usted mientras se concentra en su propia salud e hidrataci\u00f3n. Manteniendo su bebida fresca, estar\u00e1 ayudando al clima al reducir su necesidad de usar botellas o vasos de pl\u00e1stico. Esta botella puede estar con usted en todas partes y puede unirse a nuestra comunidad mientras buscamos poner fotos de nuestras botellas de agua Climate Wise en todo el mundo en nuestro sitio web. Vea si puede obtener uno en el lugar m\u00e1s remoto ?","og_url":"https:\/\/climate-wise.com\/producto\/botella-de-agua\/?lang=es","og_site_name":"Climate Wise","article_modified_time":"2023-09-11T13:27:24+00:00","og_image":[{"width":1000,"height":1000,"url":"https:\/\/climate-wise.com\/wp-content\/uploads\/2023\/09\/Bottle-CW.jpg","type":"image\/jpeg"}],"twitter_card":"summary_large_image","schema":{"@context":"https:\/\/schema.org","@graph":[{"@type":"WebPage","@id":"https:\/\/climate-wise.com\/producto\/botella-de-agua\/?lang=es","url":"https:\/\/climate-wise.com\/producto\/botella-de-agua\/?lang=es","name":"Botella de agua - Climate Wise","isPartOf":{"@id":"https:\/\/climate-wise.com\/#website"},"primaryImageOfPage":{"@id":"https:\/\/climate-wise.com\/producto\/botella-de-agua\/?lang=es#primaryimage"},"image":{"@id":"https:\/\/climate-wise.com\/producto\/botella-de-agua\/?lang=es#primaryimage"},"thumbnailUrl":"https:\/\/climate-wise.com\/wp-content\/uploads\/2023\/09\/Bottle-CW.jpg","datePublished":"2023-09-11T13:27:23+00:00","dateModified":"2023-09-11T13:27:24+00:00","breadcrumb":{"@id":"https:\/\/climate-wise.com\/producto\/botella-de-agua\/?lang=es#breadcrumb"},"inLanguage":"es","potentialAction":[{"@type":"ReadAction","target":["https:\/\/climate-wise.com\/producto\/botella-de-agua\/?lang=es"]}]},{"@type":"ImageObject","inLanguage":"es","@id":"https:\/\/climate-wise.com\/producto\/botella-de-agua\/?lang=es#primaryimage","url":"https:\/\/climate-wise.com\/wp-content\/uploads\/2023\/09\/Bottle-CW.jpg","contentUrl":"https:\/\/climate-wise.com\/wp-content\/uploads\/2023\/09\/Bottle-CW.jpg","width":1000,"height":1000},{"@type":"BreadcrumbList","@id":"https:\/\/climate-wise.com\/producto\/botella-de-agua\/?lang=es#breadcrumb","itemListElement":[{"@type":"ListItem","position":1,"name":"Home","item":"https:\/\/climate-wise.com\/es\/"},{"@type":"ListItem","position":2,"name":"Tienda","item":"https:\/\/climate-wise.com\/tienda\/?lang=es"},{"@type":"ListItem","position":3,"name":"Botella de agua"}]},{"@type":"WebSite","@id":"https:\/\/climate-wise.com\/#website","url":"https:\/\/climate-wise.com\/","name":"Climate Wise","description":"","publisher":{"@id":"https:\/\/climate-wise.com\/#organization"},"potentialAction":[{"@type":"SearchAction","target":{"@type":"EntryPoint","urlTemplate":"https:\/\/climate-wise.com\/?s={search_term_string}"},"query-input":{"@type":"PropertyValueSpecification","valueRequired":true,"valueName":"search_term_string"}}],"inLanguage":"es"},{"@type":"Organization","@id":"https:\/\/climate-wise.com\/#organization","name":"Climate Wise","url":"https:\/\/climate-wise.com\/","logo":{"@type":"ImageObject","inLanguage":"es","@id":"https:\/\/climate-wise.com\/#\/schema\/logo\/image\/","url":"https:\/\/climate-wise.com\/wp-content\/uploads\/2023\/10\/logo-5.png","contentUrl":"https:\/\/climate-wise.com\/wp-content\/uploads\/2023\/10\/logo-5.png","width":209,"height":66,"caption":"Climate Wise"},"image":{"@id":"https:\/\/climate-wise.com\/#\/schema\/logo\/image\/"}}]}},"post_mailing_queue_ids":[],"_links":{"self":[{"href":"https:\/\/climate-wise.com\/es\/wp-json\/wp\/v2\/product\/9761","targetHints":{"allow":["GET"]}}],"collection":[{"href":"https:\/\/climate-wise.com\/es\/wp-json\/wp\/v2\/product"}],"about":[{"href":"https:\/\/climate-wise.com\/es\/wp-json\/wp\/v2\/types\/product"}],"replies":[{"embeddable":true,"href":"https:\/\/climate-wise.com\/es\/wp-json\/wp\/v2\/comments?post=9761"}],"wp:featuredmedia":[{"embeddable":true,"href":"https:\/\/climate-wise.com\/es\/wp-json\/wp\/v2\/media\/9696"}],"wp:attachment":[{"href":"https:\/\/climate-wise.com\/es\/wp-json\/wp\/v2\/media?parent=9761"}],"wp:term":[{"taxonomy":"product_cat","embeddable":true,"href":"https:\/\/climate-wise.com\/es\/wp-json\/wp\/v2\/product_cat?post=9761"},{"taxonomy":"product_tag","embeddable":true,"href":"https:\/\/climate-wise.com\/es\/wp-json\/wp\/v2\/product_tag?post=9761"}],"curies":[{"name":"wp","href":"https:\/\/api.w.org\/{rel}","templated":true}]}}