{"id":9580,"date":"2023-09-11T10:57:13","date_gmt":"2023-09-11T10:57:13","guid":{"rendered":"https:\/\/climate-wise.com\/?post_type=product&#038;p=9580"},"modified":"2023-09-11T11:00:22","modified_gmt":"2023-09-11T11:00:22","slug":"chaise-manime-graduate-tiger","status":"publish","type":"product","link":"https:\/\/climate-wise.com\/fr\/produit\/chaise-manime-graduate-tiger\/","title":{"rendered":"Chaise ManiMe Graduate Tiger"},"content":{"rendered":"<p>Les chaises ManiMe sont disponibles en deux tailles, chacune avec quatre choix amusants de mod\u00e8les d&rsquo;inspiration animale, un singe, un panda, un ours et un tigre.<\/p>\n<p>Le ManiMe Cub est une conception plus petite et plus simple destin\u00e9e aux enfants de la maternelle et du primaire. Pour ceux \u00e2g\u00e9s de six ans et plus, le ManiMe Graduate est l\u00e9g\u00e8rement plus grand et int\u00e8gre une barre de suspension pour pantalons, jupes, shorts ou jupes.<\/p>\n<p><img loading=\"lazy\" decoding=\"async\" class=\"aligncenter wp-image-2859 size-full\" src=\"https:\/\/wordpress-395122-3846100.cloudwaysapps.com\/wp-content\/uploads\/2020\/06\/IMG_2182.png\" alt=\"\" width=\"1500\" height=\"1500\" \/><\/p>\n","protected":false},"excerpt":{"rendered":"<p>Magnifiquement con\u00e7u \u00e0 partir de bambou durable, ManiMe est une superbe chaise de voiturier pour les enfants.<\/p>\n<p>Offrant style et fonctionnalit\u00e9 \u00e0 n&rsquo;importe quelle zone pour enfants, le ManiMe a \u00e9t\u00e9 soigneusement con\u00e7u avec la bonne \u00e9chelle et les bonnes dimensions pour encourager les enfants \u00e0 s&rsquo;habiller ind\u00e9pendamment en pr\u00e9parant leurs v\u00eatements la veille au soir sous surveillance.<\/p>\n<p>Les articles peuvent \u00eatre retir\u00e9s directement de leur garde-robe et plac\u00e9s sur la chaise de valet qui a un syst\u00e8me de suspension \u00e0 trois niveaux et des espaces allou\u00e9s pour les chaussettes, les sous-v\u00eatements et les chaussures.<\/p>\n<p>C\u2019est bien plus qu\u2019une chaise\u2026<\/p>\n","protected":false},"featured_media":9586,"comment_status":"open","ping_status":"closed","template":"","meta":[],"product_cat":[183],"product_tag":[],"class_list":{"0":"post-9580","1":"product","2":"type-product","3":"status-publish","4":"has-post-thumbnail","6":"product_cat-manime-fr","7":"entry","9":"first","10":"instock","11":"shipping-taxable","12":"product-type-external"},"acf":[],"yoast_head":"<!-- This site is optimized with the Yoast SEO plugin v25.1 - https:\/\/yoast.com\/wordpress\/plugins\/seo\/ -->\n<title>Chaise ManiMe Graduate Tiger - Climate Wise<\/title>\n<meta name=\"robots\" content=\"index, follow, max-snippet:-1, max-image-preview:large, max-video-preview:-1\" \/>\n<link rel=\"canonical\" href=\"https:\/\/climate-wise.com\/produit\/chaise-manime-graduate-tiger\/?lang=fr\" \/>\n<meta property=\"og:locale\" content=\"fr_FR\" \/>\n<meta property=\"og:type\" content=\"article\" \/>\n<meta property=\"og:title\" content=\"Chaise ManiMe Graduate Tiger - Climate Wise\" \/>\n<meta property=\"og:description\" content=\"Magnifiquement con\u00e7u \u00e0 partir de bambou durable, ManiMe est une superbe chaise de voiturier pour les enfants.  Offrant style et fonctionnalit\u00e9 \u00e0 n&#039;importe quelle zone pour enfants, le ManiMe a \u00e9t\u00e9 soigneusement con\u00e7u avec la bonne \u00e9chelle et les bonnes dimensions pour encourager les enfants \u00e0 s&#039;habiller ind\u00e9pendamment en pr\u00e9parant leurs v\u00eatements la veille au soir sous surveillance.  Les articles peuvent \u00eatre retir\u00e9s directement de leur garde-robe et plac\u00e9s sur la chaise de valet qui a un syst\u00e8me de suspension \u00e0 trois niveaux et des espaces allou\u00e9s pour les chaussettes, les sous-v\u00eatements et les chaussures.  C\u2019est bien plus qu\u2019une chaise\u2026\" \/>\n<meta property=\"og:url\" content=\"https:\/\/climate-wise.com\/produit\/chaise-manime-graduate-tiger\/?lang=fr\" \/>\n<meta property=\"og:site_name\" content=\"Climate Wise\" \/>\n<meta property=\"article:modified_time\" content=\"2023-09-11T11:00:22+00:00\" \/>\n<meta property=\"og:image\" content=\"https:\/\/climate-wise.com\/wp-content\/uploads\/2023\/09\/ManiMe-Graduate-Tiger-CW-1.png\" \/>\n\t<meta property=\"og:image:width\" content=\"1080\" \/>\n\t<meta property=\"og:image:height\" content=\"1080\" \/>\n\t<meta property=\"og:image:type\" content=\"image\/png\" \/>\n<meta name=\"twitter:card\" content=\"summary_large_image\" \/>\n<meta name=\"twitter:label1\" content=\"Dur\u00e9e de lecture estim\u00e9e\" \/>\n\t<meta name=\"twitter:data1\" content=\"1 minute\" \/>\n<script type=\"application\/ld+json\" class=\"yoast-schema-graph\">{\"@context\":\"https:\/\/schema.org\",\"@graph\":[{\"@type\":\"WebPage\",\"@id\":\"https:\/\/climate-wise.com\/produit\/chaise-manime-graduate-tiger\/?lang=fr\",\"url\":\"https:\/\/climate-wise.com\/produit\/chaise-manime-graduate-tiger\/?lang=fr\",\"name\":\"Chaise ManiMe Graduate Tiger - Climate Wise\",\"isPartOf\":{\"@id\":\"https:\/\/climate-wise.com\/#website\"},\"primaryImageOfPage\":{\"@id\":\"https:\/\/climate-wise.com\/produit\/chaise-manime-graduate-tiger\/?lang=fr#primaryimage\"},\"image\":{\"@id\":\"https:\/\/climate-wise.com\/produit\/chaise-manime-graduate-tiger\/?lang=fr#primaryimage\"},\"thumbnailUrl\":\"https:\/\/climate-wise.com\/wp-content\/uploads\/2023\/09\/ManiMe-Graduate-Tiger-CW-1.png\",\"datePublished\":\"2023-09-11T10:57:13+00:00\",\"dateModified\":\"2023-09-11T11:00:22+00:00\",\"breadcrumb\":{\"@id\":\"https:\/\/climate-wise.com\/produit\/chaise-manime-graduate-tiger\/?lang=fr#breadcrumb\"},\"inLanguage\":\"fr-FR\",\"potentialAction\":[{\"@type\":\"ReadAction\",\"target\":[\"https:\/\/climate-wise.com\/produit\/chaise-manime-graduate-tiger\/?lang=fr\"]}]},{\"@type\":\"ImageObject\",\"inLanguage\":\"fr-FR\",\"@id\":\"https:\/\/climate-wise.com\/produit\/chaise-manime-graduate-tiger\/?lang=fr#primaryimage\",\"url\":\"https:\/\/climate-wise.com\/wp-content\/uploads\/2023\/09\/ManiMe-Graduate-Tiger-CW-1.png\",\"contentUrl\":\"https:\/\/climate-wise.com\/wp-content\/uploads\/2023\/09\/ManiMe-Graduate-Tiger-CW-1.png\",\"width\":1080,\"height\":1080},{\"@type\":\"BreadcrumbList\",\"@id\":\"https:\/\/climate-wise.com\/produit\/chaise-manime-graduate-tiger\/?lang=fr#breadcrumb\",\"itemListElement\":[{\"@type\":\"ListItem\",\"position\":1,\"name\":\"Home\",\"item\":\"https:\/\/climate-wise.com\/\"},{\"@type\":\"ListItem\",\"position\":2,\"name\":\"Boutique\",\"item\":\"https:\/\/climate-wise.com\/boutique\/?lang=fr\"},{\"@type\":\"ListItem\",\"position\":3,\"name\":\"Chaise ManiMe Graduate Tiger\"}]},{\"@type\":\"WebSite\",\"@id\":\"https:\/\/climate-wise.com\/#website\",\"url\":\"https:\/\/climate-wise.com\/\",\"name\":\"Climate Wise\",\"description\":\"\",\"publisher\":{\"@id\":\"https:\/\/climate-wise.com\/#organization\"},\"potentialAction\":[{\"@type\":\"SearchAction\",\"target\":{\"@type\":\"EntryPoint\",\"urlTemplate\":\"https:\/\/climate-wise.com\/?s={search_term_string}\"},\"query-input\":{\"@type\":\"PropertyValueSpecification\",\"valueRequired\":true,\"valueName\":\"search_term_string\"}}],\"inLanguage\":\"fr-FR\"},{\"@type\":\"Organization\",\"@id\":\"https:\/\/climate-wise.com\/#organization\",\"name\":\"Climate Wise\",\"url\":\"https:\/\/climate-wise.com\/\",\"logo\":{\"@type\":\"ImageObject\",\"inLanguage\":\"fr-FR\",\"@id\":\"https:\/\/climate-wise.com\/#\/schema\/logo\/image\/\",\"url\":\"https:\/\/climate-wise.com\/wp-content\/uploads\/2023\/10\/logo-5.png\",\"contentUrl\":\"https:\/\/climate-wise.com\/wp-content\/uploads\/2023\/10\/logo-5.png\",\"width\":209,\"height\":66,\"caption\":\"Climate Wise\"},\"image\":{\"@id\":\"https:\/\/climate-wise.com\/#\/schema\/logo\/image\/\"}}]}<\/script>\n<!-- \/ Yoast SEO plugin. -->","yoast_head_json":{"title":"Chaise ManiMe Graduate Tiger - Climate Wise","robots":{"index":"index","follow":"follow","max-snippet":"max-snippet:-1","max-image-preview":"max-image-preview:large","max-video-preview":"max-video-preview:-1"},"canonical":"https:\/\/climate-wise.com\/produit\/chaise-manime-graduate-tiger\/?lang=fr","og_locale":"fr_FR","og_type":"article","og_title":"Chaise ManiMe Graduate Tiger - Climate Wise","og_description":"Magnifiquement con\u00e7u \u00e0 partir de bambou durable, ManiMe est une superbe chaise de voiturier pour les enfants.  Offrant style et fonctionnalit\u00e9 \u00e0 n'importe quelle zone pour enfants, le ManiMe a \u00e9t\u00e9 soigneusement con\u00e7u avec la bonne \u00e9chelle et les bonnes dimensions pour encourager les enfants \u00e0 s'habiller ind\u00e9pendamment en pr\u00e9parant leurs v\u00eatements la veille au soir sous surveillance.  Les articles peuvent \u00eatre retir\u00e9s directement de leur garde-robe et plac\u00e9s sur la chaise de valet qui a un syst\u00e8me de suspension \u00e0 trois niveaux et des espaces allou\u00e9s pour les chaussettes, les sous-v\u00eatements et les chaussures.  C\u2019est bien plus qu\u2019une chaise\u2026","og_url":"https:\/\/climate-wise.com\/produit\/chaise-manime-graduate-tiger\/?lang=fr","og_site_name":"Climate Wise","article_modified_time":"2023-09-11T11:00:22+00:00","og_image":[{"width":1080,"height":1080,"url":"https:\/\/climate-wise.com\/wp-content\/uploads\/2023\/09\/ManiMe-Graduate-Tiger-CW-1.png","type":"image\/png"}],"twitter_card":"summary_large_image","twitter_misc":{"Dur\u00e9e de lecture estim\u00e9e":"1 minute"},"schema":{"@context":"https:\/\/schema.org","@graph":[{"@type":"WebPage","@id":"https:\/\/climate-wise.com\/produit\/chaise-manime-graduate-tiger\/?lang=fr","url":"https:\/\/climate-wise.com\/produit\/chaise-manime-graduate-tiger\/?lang=fr","name":"Chaise ManiMe Graduate Tiger - Climate Wise","isPartOf":{"@id":"https:\/\/climate-wise.com\/#website"},"primaryImageOfPage":{"@id":"https:\/\/climate-wise.com\/produit\/chaise-manime-graduate-tiger\/?lang=fr#primaryimage"},"image":{"@id":"https:\/\/climate-wise.com\/produit\/chaise-manime-graduate-tiger\/?lang=fr#primaryimage"},"thumbnailUrl":"https:\/\/climate-wise.com\/wp-content\/uploads\/2023\/09\/ManiMe-Graduate-Tiger-CW-1.png","datePublished":"2023-09-11T10:57:13+00:00","dateModified":"2023-09-11T11:00:22+00:00","breadcrumb":{"@id":"https:\/\/climate-wise.com\/produit\/chaise-manime-graduate-tiger\/?lang=fr#breadcrumb"},"inLanguage":"fr-FR","potentialAction":[{"@type":"ReadAction","target":["https:\/\/climate-wise.com\/produit\/chaise-manime-graduate-tiger\/?lang=fr"]}]},{"@type":"ImageObject","inLanguage":"fr-FR","@id":"https:\/\/climate-wise.com\/produit\/chaise-manime-graduate-tiger\/?lang=fr#primaryimage","url":"https:\/\/climate-wise.com\/wp-content\/uploads\/2023\/09\/ManiMe-Graduate-Tiger-CW-1.png","contentUrl":"https:\/\/climate-wise.com\/wp-content\/uploads\/2023\/09\/ManiMe-Graduate-Tiger-CW-1.png","width":1080,"height":1080},{"@type":"BreadcrumbList","@id":"https:\/\/climate-wise.com\/produit\/chaise-manime-graduate-tiger\/?lang=fr#breadcrumb","itemListElement":[{"@type":"ListItem","position":1,"name":"Home","item":"https:\/\/climate-wise.com\/"},{"@type":"ListItem","position":2,"name":"Boutique","item":"https:\/\/climate-wise.com\/boutique\/?lang=fr"},{"@type":"ListItem","position":3,"name":"Chaise ManiMe Graduate Tiger"}]},{"@type":"WebSite","@id":"https:\/\/climate-wise.com\/#website","url":"https:\/\/climate-wise.com\/","name":"Climate Wise","description":"","publisher":{"@id":"https:\/\/climate-wise.com\/#organization"},"potentialAction":[{"@type":"SearchAction","target":{"@type":"EntryPoint","urlTemplate":"https:\/\/climate-wise.com\/?s={search_term_string}"},"query-input":{"@type":"PropertyValueSpecification","valueRequired":true,"valueName":"search_term_string"}}],"inLanguage":"fr-FR"},{"@type":"Organization","@id":"https:\/\/climate-wise.com\/#organization","name":"Climate Wise","url":"https:\/\/climate-wise.com\/","logo":{"@type":"ImageObject","inLanguage":"fr-FR","@id":"https:\/\/climate-wise.com\/#\/schema\/logo\/image\/","url":"https:\/\/climate-wise.com\/wp-content\/uploads\/2023\/10\/logo-5.png","contentUrl":"https:\/\/climate-wise.com\/wp-content\/uploads\/2023\/10\/logo-5.png","width":209,"height":66,"caption":"Climate Wise"},"image":{"@id":"https:\/\/climate-wise.com\/#\/schema\/logo\/image\/"}}]}},"post_mailing_queue_ids":[],"_links":{"self":[{"href":"https:\/\/climate-wise.com\/fr\/wp-json\/wp\/v2\/product\/9580","targetHints":{"allow":["GET"]}}],"collection":[{"href":"https:\/\/climate-wise.com\/fr\/wp-json\/wp\/v2\/product"}],"about":[{"href":"https:\/\/climate-wise.com\/fr\/wp-json\/wp\/v2\/types\/product"}],"replies":[{"embeddable":true,"href":"https:\/\/climate-wise.com\/fr\/wp-json\/wp\/v2\/comments?post=9580"}],"wp:featuredmedia":[{"embeddable":true,"href":"https:\/\/climate-wise.com\/fr\/wp-json\/wp\/v2\/media\/9586"}],"wp:attachment":[{"href":"https:\/\/climate-wise.com\/fr\/wp-json\/wp\/v2\/media?parent=9580"}],"wp:term":[{"taxonomy":"product_cat","embeddable":true,"href":"https:\/\/climate-wise.com\/fr\/wp-json\/wp\/v2\/product_cat?post=9580"},{"taxonomy":"product_tag","embeddable":true,"href":"https:\/\/climate-wise.com\/fr\/wp-json\/wp\/v2\/product_tag?post=9580"}],"curies":[{"name":"wp","href":"https:\/\/api.w.org\/{rel}","templated":true}]}}