{"id":9626,"date":"2023-09-11T11:44:38","date_gmt":"2023-09-11T11:44:38","guid":{"rendered":"https:\/\/climate-wise.com\/?post_type=product&#038;p=9626"},"modified":"2023-09-11T11:44:38","modified_gmt":"2023-09-11T11:44:38","slug":"tapis-de-souris","status":"publish","type":"product","link":"https:\/\/climate-wise.com\/fr\/produit\/tapis-de-souris\/","title":{"rendered":"Tapis de souris"},"content":{"rendered":"<p>Le tapis de souris Climate Wise vous aidera \u00e0 soutenir l&rsquo;organisation et \u00e0 en parler \u00e0 tous vos amis et coll\u00e8gues lorsque vous l&rsquo;utilisez quotidiennement. Ce tapis de souris net et propre est le partenaire id\u00e9al pour votre bureau \u00e0 la maison ou au bureau.<\/p>\n","protected":false},"excerpt":{"rendered":"<p>Le tapis de souris Climate Wise vous aidera \u00e0 soutenir l&rsquo;organisation et \u00e0 en parler \u00e0 tous vos amis et coll\u00e8gues lorsque vous l&rsquo;utilisez quotidiennement. Ce tapis de souris net et propre est le partenaire id\u00e9al pour votre bureau \u00e0 la maison ou au bureau.<\/p>\n","protected":false},"featured_media":9627,"comment_status":"open","ping_status":"closed","template":"","meta":[],"product_cat":[180],"product_tag":[],"class_list":{"0":"post-9626","1":"product","2":"type-product","3":"status-publish","4":"has-post-thumbnail","6":"product_cat-non-classifiee","7":"entry","9":"first","10":"instock","11":"shipping-taxable","12":"purchasable","13":"product-type-simple"},"acf":[],"yoast_head":"<!-- This site is optimized with the Yoast SEO plugin v25.1 - https:\/\/yoast.com\/wordpress\/plugins\/seo\/ -->\n<title>Tapis de souris - Climate Wise<\/title>\n<meta name=\"robots\" content=\"index, follow, max-snippet:-1, max-image-preview:large, max-video-preview:-1\" \/>\n<link rel=\"canonical\" href=\"https:\/\/climate-wise.com\/produit\/tapis-de-souris\/?lang=fr\" \/>\n<meta property=\"og:locale\" content=\"fr_FR\" \/>\n<meta property=\"og:type\" content=\"article\" \/>\n<meta property=\"og:title\" content=\"Tapis de souris - Climate Wise\" \/>\n<meta property=\"og:description\" content=\"Le tapis de souris Climate Wise vous aidera \u00e0 soutenir l&#039;organisation et \u00e0 en parler \u00e0 tous vos amis et coll\u00e8gues lorsque vous l&#039;utilisez quotidiennement. Ce tapis de souris net et propre est le partenaire id\u00e9al pour votre bureau \u00e0 la maison ou au bureau.\" \/>\n<meta property=\"og:url\" content=\"https:\/\/climate-wise.com\/produit\/tapis-de-souris\/?lang=fr\" \/>\n<meta property=\"og:site_name\" content=\"Climate Wise\" \/>\n<meta property=\"og:image\" content=\"https:\/\/climate-wise.com\/wp-content\/uploads\/2023\/09\/1-Mouse-Mat-scaled-1.jpg\" \/>\n\t<meta property=\"og:image:width\" content=\"2560\" \/>\n\t<meta property=\"og:image:height\" content=\"1707\" \/>\n\t<meta property=\"og:image:type\" content=\"image\/jpeg\" \/>\n<meta name=\"twitter:card\" content=\"summary_large_image\" \/>\n<meta name=\"twitter:label1\" content=\"Dur\u00e9e de lecture estim\u00e9e\" \/>\n\t<meta name=\"twitter:data1\" content=\"1 minute\" \/>\n<script type=\"application\/ld+json\" class=\"yoast-schema-graph\">{\"@context\":\"https:\/\/schema.org\",\"@graph\":[{\"@type\":\"WebPage\",\"@id\":\"https:\/\/climate-wise.com\/produit\/tapis-de-souris\/?lang=fr\",\"url\":\"https:\/\/climate-wise.com\/produit\/tapis-de-souris\/?lang=fr\",\"name\":\"Tapis de souris - Climate Wise\",\"isPartOf\":{\"@id\":\"https:\/\/climate-wise.com\/#website\"},\"primaryImageOfPage\":{\"@id\":\"https:\/\/climate-wise.com\/produit\/tapis-de-souris\/?lang=fr#primaryimage\"},\"image\":{\"@id\":\"https:\/\/climate-wise.com\/produit\/tapis-de-souris\/?lang=fr#primaryimage\"},\"thumbnailUrl\":\"https:\/\/climate-wise.com\/wp-content\/uploads\/2023\/09\/1-Mouse-Mat-scaled-1.jpg\",\"datePublished\":\"2023-09-11T11:44:38+00:00\",\"breadcrumb\":{\"@id\":\"https:\/\/climate-wise.com\/produit\/tapis-de-souris\/?lang=fr#breadcrumb\"},\"inLanguage\":\"fr-FR\",\"potentialAction\":[{\"@type\":\"ReadAction\",\"target\":[\"https:\/\/climate-wise.com\/produit\/tapis-de-souris\/?lang=fr\"]}]},{\"@type\":\"ImageObject\",\"inLanguage\":\"fr-FR\",\"@id\":\"https:\/\/climate-wise.com\/produit\/tapis-de-souris\/?lang=fr#primaryimage\",\"url\":\"https:\/\/climate-wise.com\/wp-content\/uploads\/2023\/09\/1-Mouse-Mat-scaled-1.jpg\",\"contentUrl\":\"https:\/\/climate-wise.com\/wp-content\/uploads\/2023\/09\/1-Mouse-Mat-scaled-1.jpg\",\"width\":2560,\"height\":1707},{\"@type\":\"BreadcrumbList\",\"@id\":\"https:\/\/climate-wise.com\/produit\/tapis-de-souris\/?lang=fr#breadcrumb\",\"itemListElement\":[{\"@type\":\"ListItem\",\"position\":1,\"name\":\"Home\",\"item\":\"https:\/\/climate-wise.com\/\"},{\"@type\":\"ListItem\",\"position\":2,\"name\":\"Boutique\",\"item\":\"https:\/\/climate-wise.com\/boutique\/?lang=fr\"},{\"@type\":\"ListItem\",\"position\":3,\"name\":\"Tapis de souris\"}]},{\"@type\":\"WebSite\",\"@id\":\"https:\/\/climate-wise.com\/#website\",\"url\":\"https:\/\/climate-wise.com\/\",\"name\":\"Climate Wise\",\"description\":\"\",\"publisher\":{\"@id\":\"https:\/\/climate-wise.com\/#organization\"},\"potentialAction\":[{\"@type\":\"SearchAction\",\"target\":{\"@type\":\"EntryPoint\",\"urlTemplate\":\"https:\/\/climate-wise.com\/?s={search_term_string}\"},\"query-input\":{\"@type\":\"PropertyValueSpecification\",\"valueRequired\":true,\"valueName\":\"search_term_string\"}}],\"inLanguage\":\"fr-FR\"},{\"@type\":\"Organization\",\"@id\":\"https:\/\/climate-wise.com\/#organization\",\"name\":\"Climate Wise\",\"url\":\"https:\/\/climate-wise.com\/\",\"logo\":{\"@type\":\"ImageObject\",\"inLanguage\":\"fr-FR\",\"@id\":\"https:\/\/climate-wise.com\/#\/schema\/logo\/image\/\",\"url\":\"https:\/\/climate-wise.com\/wp-content\/uploads\/2023\/10\/logo-5.png\",\"contentUrl\":\"https:\/\/climate-wise.com\/wp-content\/uploads\/2023\/10\/logo-5.png\",\"width\":209,\"height\":66,\"caption\":\"Climate Wise\"},\"image\":{\"@id\":\"https:\/\/climate-wise.com\/#\/schema\/logo\/image\/\"}}]}<\/script>\n<!-- \/ Yoast SEO plugin. -->","yoast_head_json":{"title":"Tapis de souris - Climate Wise","robots":{"index":"index","follow":"follow","max-snippet":"max-snippet:-1","max-image-preview":"max-image-preview:large","max-video-preview":"max-video-preview:-1"},"canonical":"https:\/\/climate-wise.com\/produit\/tapis-de-souris\/?lang=fr","og_locale":"fr_FR","og_type":"article","og_title":"Tapis de souris - Climate Wise","og_description":"Le tapis de souris Climate Wise vous aidera \u00e0 soutenir l'organisation et \u00e0 en parler \u00e0 tous vos amis et coll\u00e8gues lorsque vous l'utilisez quotidiennement. Ce tapis de souris net et propre est le partenaire id\u00e9al pour votre bureau \u00e0 la maison ou au bureau.","og_url":"https:\/\/climate-wise.com\/produit\/tapis-de-souris\/?lang=fr","og_site_name":"Climate Wise","og_image":[{"width":2560,"height":1707,"url":"https:\/\/climate-wise.com\/wp-content\/uploads\/2023\/09\/1-Mouse-Mat-scaled-1.jpg","type":"image\/jpeg"}],"twitter_card":"summary_large_image","twitter_misc":{"Dur\u00e9e de lecture estim\u00e9e":"1 minute"},"schema":{"@context":"https:\/\/schema.org","@graph":[{"@type":"WebPage","@id":"https:\/\/climate-wise.com\/produit\/tapis-de-souris\/?lang=fr","url":"https:\/\/climate-wise.com\/produit\/tapis-de-souris\/?lang=fr","name":"Tapis de souris - Climate Wise","isPartOf":{"@id":"https:\/\/climate-wise.com\/#website"},"primaryImageOfPage":{"@id":"https:\/\/climate-wise.com\/produit\/tapis-de-souris\/?lang=fr#primaryimage"},"image":{"@id":"https:\/\/climate-wise.com\/produit\/tapis-de-souris\/?lang=fr#primaryimage"},"thumbnailUrl":"https:\/\/climate-wise.com\/wp-content\/uploads\/2023\/09\/1-Mouse-Mat-scaled-1.jpg","datePublished":"2023-09-11T11:44:38+00:00","breadcrumb":{"@id":"https:\/\/climate-wise.com\/produit\/tapis-de-souris\/?lang=fr#breadcrumb"},"inLanguage":"fr-FR","potentialAction":[{"@type":"ReadAction","target":["https:\/\/climate-wise.com\/produit\/tapis-de-souris\/?lang=fr"]}]},{"@type":"ImageObject","inLanguage":"fr-FR","@id":"https:\/\/climate-wise.com\/produit\/tapis-de-souris\/?lang=fr#primaryimage","url":"https:\/\/climate-wise.com\/wp-content\/uploads\/2023\/09\/1-Mouse-Mat-scaled-1.jpg","contentUrl":"https:\/\/climate-wise.com\/wp-content\/uploads\/2023\/09\/1-Mouse-Mat-scaled-1.jpg","width":2560,"height":1707},{"@type":"BreadcrumbList","@id":"https:\/\/climate-wise.com\/produit\/tapis-de-souris\/?lang=fr#breadcrumb","itemListElement":[{"@type":"ListItem","position":1,"name":"Home","item":"https:\/\/climate-wise.com\/"},{"@type":"ListItem","position":2,"name":"Boutique","item":"https:\/\/climate-wise.com\/boutique\/?lang=fr"},{"@type":"ListItem","position":3,"name":"Tapis de souris"}]},{"@type":"WebSite","@id":"https:\/\/climate-wise.com\/#website","url":"https:\/\/climate-wise.com\/","name":"Climate Wise","description":"","publisher":{"@id":"https:\/\/climate-wise.com\/#organization"},"potentialAction":[{"@type":"SearchAction","target":{"@type":"EntryPoint","urlTemplate":"https:\/\/climate-wise.com\/?s={search_term_string}"},"query-input":{"@type":"PropertyValueSpecification","valueRequired":true,"valueName":"search_term_string"}}],"inLanguage":"fr-FR"},{"@type":"Organization","@id":"https:\/\/climate-wise.com\/#organization","name":"Climate Wise","url":"https:\/\/climate-wise.com\/","logo":{"@type":"ImageObject","inLanguage":"fr-FR","@id":"https:\/\/climate-wise.com\/#\/schema\/logo\/image\/","url":"https:\/\/climate-wise.com\/wp-content\/uploads\/2023\/10\/logo-5.png","contentUrl":"https:\/\/climate-wise.com\/wp-content\/uploads\/2023\/10\/logo-5.png","width":209,"height":66,"caption":"Climate Wise"},"image":{"@id":"https:\/\/climate-wise.com\/#\/schema\/logo\/image\/"}}]}},"post_mailing_queue_ids":[],"_links":{"self":[{"href":"https:\/\/climate-wise.com\/fr\/wp-json\/wp\/v2\/product\/9626","targetHints":{"allow":["GET"]}}],"collection":[{"href":"https:\/\/climate-wise.com\/fr\/wp-json\/wp\/v2\/product"}],"about":[{"href":"https:\/\/climate-wise.com\/fr\/wp-json\/wp\/v2\/types\/product"}],"replies":[{"embeddable":true,"href":"https:\/\/climate-wise.com\/fr\/wp-json\/wp\/v2\/comments?post=9626"}],"wp:featuredmedia":[{"embeddable":true,"href":"https:\/\/climate-wise.com\/fr\/wp-json\/wp\/v2\/media\/9627"}],"wp:attachment":[{"href":"https:\/\/climate-wise.com\/fr\/wp-json\/wp\/v2\/media?parent=9626"}],"wp:term":[{"taxonomy":"product_cat","embeddable":true,"href":"https:\/\/climate-wise.com\/fr\/wp-json\/wp\/v2\/product_cat?post=9626"},{"taxonomy":"product_tag","embeddable":true,"href":"https:\/\/climate-wise.com\/fr\/wp-json\/wp\/v2\/product_tag?post=9626"}],"curies":[{"name":"wp","href":"https:\/\/api.w.org\/{rel}","templated":true}]}}