{"id":9672,"date":"2023-09-11T12:13:30","date_gmt":"2023-09-11T12:13:30","guid":{"rendered":"https:\/\/climate-wise.com\/?post_type=product&#038;p=9672"},"modified":"2023-09-11T12:13:31","modified_gmt":"2023-09-11T12:13:31","slug":"desinfectant-pour-les-mains","status":"publish","type":"product","link":"https:\/\/climate-wise.com\/fr\/produit\/desinfectant-pour-les-mains\/","title":{"rendered":"D\u00e9sinfectant pour les mains"},"content":{"rendered":"","protected":false},"excerpt":{"rendered":"<p>Vous ne pouvez jamais \u00eatre trop en s\u00e9curit\u00e9 et avoir une bouteille de d\u00e9sinfectant pour les mains faillible est un plus pratique. Achetez votre d\u00e9sinfectant pour les mains \u00e9cologique en plus grande quantit\u00e9 et remplissez simplement votre bouteille \u00e0 la maison. Cela vous permettra d&rsquo;\u00e9conomiser de l&rsquo;argent et d&rsquo;\u00e9conomiser sur les bouteilles de d\u00e9sinfectant pour les mains en plastique qui sont si souvent utilis\u00e9es. Laissez-en un dans votre cuisine, \u00e0 votre bureau ou sur le chemin de votre maison.<\/p>\n","protected":false},"featured_media":9673,"comment_status":"open","ping_status":"closed","template":"","meta":[],"product_cat":[180],"product_tag":[],"class_list":{"0":"post-9672","1":"product","2":"type-product","3":"status-publish","4":"has-post-thumbnail","6":"product_cat-non-classifiee","7":"entry","9":"first","10":"instock","11":"shipping-taxable","12":"purchasable","13":"product-type-simple"},"acf":[],"yoast_head":"<!-- This site is optimized with the Yoast SEO plugin v25.1 - https:\/\/yoast.com\/wordpress\/plugins\/seo\/ -->\n<title>D\u00e9sinfectant pour les mains - Climate Wise<\/title>\n<meta name=\"robots\" content=\"index, follow, max-snippet:-1, max-image-preview:large, max-video-preview:-1\" \/>\n<link rel=\"canonical\" href=\"https:\/\/climate-wise.com\/produit\/desinfectant-pour-les-mains\/?lang=fr\" \/>\n<meta property=\"og:locale\" content=\"fr_FR\" \/>\n<meta property=\"og:type\" content=\"article\" \/>\n<meta property=\"og:title\" content=\"D\u00e9sinfectant pour les mains - Climate Wise\" \/>\n<meta property=\"og:description\" content=\"Vous ne pouvez jamais \u00eatre trop en s\u00e9curit\u00e9 et avoir une bouteille de d\u00e9sinfectant pour les mains faillible est un plus pratique. Achetez votre d\u00e9sinfectant pour les mains \u00e9cologique en plus grande quantit\u00e9 et remplissez simplement votre bouteille \u00e0 la maison. Cela vous permettra d&#039;\u00e9conomiser de l&#039;argent et d&#039;\u00e9conomiser sur les bouteilles de d\u00e9sinfectant pour les mains en plastique qui sont si souvent utilis\u00e9es. Laissez-en un dans votre cuisine, \u00e0 votre bureau ou sur le chemin de votre maison.\" \/>\n<meta property=\"og:url\" content=\"https:\/\/climate-wise.com\/produit\/desinfectant-pour-les-mains\/?lang=fr\" \/>\n<meta property=\"og:site_name\" content=\"Climate Wise\" \/>\n<meta property=\"article:modified_time\" content=\"2023-09-11T12:13:31+00:00\" \/>\n<meta property=\"og:image\" content=\"https:\/\/climate-wise.com\/wp-content\/uploads\/2023\/09\/Hand-Sanitiser-1.jpg\" \/>\n\t<meta property=\"og:image:width\" content=\"1000\" \/>\n\t<meta property=\"og:image:height\" content=\"1000\" \/>\n\t<meta property=\"og:image:type\" content=\"image\/jpeg\" \/>\n<meta name=\"twitter:card\" content=\"summary_large_image\" \/>\n<script type=\"application\/ld+json\" class=\"yoast-schema-graph\">{\"@context\":\"https:\/\/schema.org\",\"@graph\":[{\"@type\":\"WebPage\",\"@id\":\"https:\/\/climate-wise.com\/produit\/desinfectant-pour-les-mains\/?lang=fr\",\"url\":\"https:\/\/climate-wise.com\/produit\/desinfectant-pour-les-mains\/?lang=fr\",\"name\":\"D\u00e9sinfectant pour les mains - Climate Wise\",\"isPartOf\":{\"@id\":\"https:\/\/climate-wise.com\/#website\"},\"primaryImageOfPage\":{\"@id\":\"https:\/\/climate-wise.com\/produit\/desinfectant-pour-les-mains\/?lang=fr#primaryimage\"},\"image\":{\"@id\":\"https:\/\/climate-wise.com\/produit\/desinfectant-pour-les-mains\/?lang=fr#primaryimage\"},\"thumbnailUrl\":\"https:\/\/climate-wise.com\/wp-content\/uploads\/2023\/09\/Hand-Sanitiser-1.jpg\",\"datePublished\":\"2023-09-11T12:13:30+00:00\",\"dateModified\":\"2023-09-11T12:13:31+00:00\",\"breadcrumb\":{\"@id\":\"https:\/\/climate-wise.com\/produit\/desinfectant-pour-les-mains\/?lang=fr#breadcrumb\"},\"inLanguage\":\"fr-FR\",\"potentialAction\":[{\"@type\":\"ReadAction\",\"target\":[\"https:\/\/climate-wise.com\/produit\/desinfectant-pour-les-mains\/?lang=fr\"]}]},{\"@type\":\"ImageObject\",\"inLanguage\":\"fr-FR\",\"@id\":\"https:\/\/climate-wise.com\/produit\/desinfectant-pour-les-mains\/?lang=fr#primaryimage\",\"url\":\"https:\/\/climate-wise.com\/wp-content\/uploads\/2023\/09\/Hand-Sanitiser-1.jpg\",\"contentUrl\":\"https:\/\/climate-wise.com\/wp-content\/uploads\/2023\/09\/Hand-Sanitiser-1.jpg\",\"width\":1000,\"height\":1000},{\"@type\":\"BreadcrumbList\",\"@id\":\"https:\/\/climate-wise.com\/produit\/desinfectant-pour-les-mains\/?lang=fr#breadcrumb\",\"itemListElement\":[{\"@type\":\"ListItem\",\"position\":1,\"name\":\"Home\",\"item\":\"https:\/\/climate-wise.com\/\"},{\"@type\":\"ListItem\",\"position\":2,\"name\":\"Boutique\",\"item\":\"https:\/\/climate-wise.com\/boutique\/?lang=fr\"},{\"@type\":\"ListItem\",\"position\":3,\"name\":\"D\u00e9sinfectant pour les mains\"}]},{\"@type\":\"WebSite\",\"@id\":\"https:\/\/climate-wise.com\/#website\",\"url\":\"https:\/\/climate-wise.com\/\",\"name\":\"Climate Wise\",\"description\":\"\",\"publisher\":{\"@id\":\"https:\/\/climate-wise.com\/#organization\"},\"potentialAction\":[{\"@type\":\"SearchAction\",\"target\":{\"@type\":\"EntryPoint\",\"urlTemplate\":\"https:\/\/climate-wise.com\/?s={search_term_string}\"},\"query-input\":{\"@type\":\"PropertyValueSpecification\",\"valueRequired\":true,\"valueName\":\"search_term_string\"}}],\"inLanguage\":\"fr-FR\"},{\"@type\":\"Organization\",\"@id\":\"https:\/\/climate-wise.com\/#organization\",\"name\":\"Climate Wise\",\"url\":\"https:\/\/climate-wise.com\/\",\"logo\":{\"@type\":\"ImageObject\",\"inLanguage\":\"fr-FR\",\"@id\":\"https:\/\/climate-wise.com\/#\/schema\/logo\/image\/\",\"url\":\"https:\/\/climate-wise.com\/wp-content\/uploads\/2023\/10\/logo-5.png\",\"contentUrl\":\"https:\/\/climate-wise.com\/wp-content\/uploads\/2023\/10\/logo-5.png\",\"width\":209,\"height\":66,\"caption\":\"Climate Wise\"},\"image\":{\"@id\":\"https:\/\/climate-wise.com\/#\/schema\/logo\/image\/\"}}]}<\/script>\n<!-- \/ Yoast SEO plugin. -->","yoast_head_json":{"title":"D\u00e9sinfectant pour les mains - Climate Wise","robots":{"index":"index","follow":"follow","max-snippet":"max-snippet:-1","max-image-preview":"max-image-preview:large","max-video-preview":"max-video-preview:-1"},"canonical":"https:\/\/climate-wise.com\/produit\/desinfectant-pour-les-mains\/?lang=fr","og_locale":"fr_FR","og_type":"article","og_title":"D\u00e9sinfectant pour les mains - Climate Wise","og_description":"Vous ne pouvez jamais \u00eatre trop en s\u00e9curit\u00e9 et avoir une bouteille de d\u00e9sinfectant pour les mains faillible est un plus pratique. Achetez votre d\u00e9sinfectant pour les mains \u00e9cologique en plus grande quantit\u00e9 et remplissez simplement votre bouteille \u00e0 la maison. Cela vous permettra d'\u00e9conomiser de l'argent et d'\u00e9conomiser sur les bouteilles de d\u00e9sinfectant pour les mains en plastique qui sont si souvent utilis\u00e9es. Laissez-en un dans votre cuisine, \u00e0 votre bureau ou sur le chemin de votre maison.","og_url":"https:\/\/climate-wise.com\/produit\/desinfectant-pour-les-mains\/?lang=fr","og_site_name":"Climate Wise","article_modified_time":"2023-09-11T12:13:31+00:00","og_image":[{"width":1000,"height":1000,"url":"https:\/\/climate-wise.com\/wp-content\/uploads\/2023\/09\/Hand-Sanitiser-1.jpg","type":"image\/jpeg"}],"twitter_card":"summary_large_image","schema":{"@context":"https:\/\/schema.org","@graph":[{"@type":"WebPage","@id":"https:\/\/climate-wise.com\/produit\/desinfectant-pour-les-mains\/?lang=fr","url":"https:\/\/climate-wise.com\/produit\/desinfectant-pour-les-mains\/?lang=fr","name":"D\u00e9sinfectant pour les mains - Climate Wise","isPartOf":{"@id":"https:\/\/climate-wise.com\/#website"},"primaryImageOfPage":{"@id":"https:\/\/climate-wise.com\/produit\/desinfectant-pour-les-mains\/?lang=fr#primaryimage"},"image":{"@id":"https:\/\/climate-wise.com\/produit\/desinfectant-pour-les-mains\/?lang=fr#primaryimage"},"thumbnailUrl":"https:\/\/climate-wise.com\/wp-content\/uploads\/2023\/09\/Hand-Sanitiser-1.jpg","datePublished":"2023-09-11T12:13:30+00:00","dateModified":"2023-09-11T12:13:31+00:00","breadcrumb":{"@id":"https:\/\/climate-wise.com\/produit\/desinfectant-pour-les-mains\/?lang=fr#breadcrumb"},"inLanguage":"fr-FR","potentialAction":[{"@type":"ReadAction","target":["https:\/\/climate-wise.com\/produit\/desinfectant-pour-les-mains\/?lang=fr"]}]},{"@type":"ImageObject","inLanguage":"fr-FR","@id":"https:\/\/climate-wise.com\/produit\/desinfectant-pour-les-mains\/?lang=fr#primaryimage","url":"https:\/\/climate-wise.com\/wp-content\/uploads\/2023\/09\/Hand-Sanitiser-1.jpg","contentUrl":"https:\/\/climate-wise.com\/wp-content\/uploads\/2023\/09\/Hand-Sanitiser-1.jpg","width":1000,"height":1000},{"@type":"BreadcrumbList","@id":"https:\/\/climate-wise.com\/produit\/desinfectant-pour-les-mains\/?lang=fr#breadcrumb","itemListElement":[{"@type":"ListItem","position":1,"name":"Home","item":"https:\/\/climate-wise.com\/"},{"@type":"ListItem","position":2,"name":"Boutique","item":"https:\/\/climate-wise.com\/boutique\/?lang=fr"},{"@type":"ListItem","position":3,"name":"D\u00e9sinfectant pour les mains"}]},{"@type":"WebSite","@id":"https:\/\/climate-wise.com\/#website","url":"https:\/\/climate-wise.com\/","name":"Climate Wise","description":"","publisher":{"@id":"https:\/\/climate-wise.com\/#organization"},"potentialAction":[{"@type":"SearchAction","target":{"@type":"EntryPoint","urlTemplate":"https:\/\/climate-wise.com\/?s={search_term_string}"},"query-input":{"@type":"PropertyValueSpecification","valueRequired":true,"valueName":"search_term_string"}}],"inLanguage":"fr-FR"},{"@type":"Organization","@id":"https:\/\/climate-wise.com\/#organization","name":"Climate Wise","url":"https:\/\/climate-wise.com\/","logo":{"@type":"ImageObject","inLanguage":"fr-FR","@id":"https:\/\/climate-wise.com\/#\/schema\/logo\/image\/","url":"https:\/\/climate-wise.com\/wp-content\/uploads\/2023\/10\/logo-5.png","contentUrl":"https:\/\/climate-wise.com\/wp-content\/uploads\/2023\/10\/logo-5.png","width":209,"height":66,"caption":"Climate Wise"},"image":{"@id":"https:\/\/climate-wise.com\/#\/schema\/logo\/image\/"}}]}},"post_mailing_queue_ids":[],"_links":{"self":[{"href":"https:\/\/climate-wise.com\/fr\/wp-json\/wp\/v2\/product\/9672","targetHints":{"allow":["GET"]}}],"collection":[{"href":"https:\/\/climate-wise.com\/fr\/wp-json\/wp\/v2\/product"}],"about":[{"href":"https:\/\/climate-wise.com\/fr\/wp-json\/wp\/v2\/types\/product"}],"replies":[{"embeddable":true,"href":"https:\/\/climate-wise.com\/fr\/wp-json\/wp\/v2\/comments?post=9672"}],"wp:featuredmedia":[{"embeddable":true,"href":"https:\/\/climate-wise.com\/fr\/wp-json\/wp\/v2\/media\/9673"}],"wp:attachment":[{"href":"https:\/\/climate-wise.com\/fr\/wp-json\/wp\/v2\/media?parent=9672"}],"wp:term":[{"taxonomy":"product_cat","embeddable":true,"href":"https:\/\/climate-wise.com\/fr\/wp-json\/wp\/v2\/product_cat?post=9672"},{"taxonomy":"product_tag","embeddable":true,"href":"https:\/\/climate-wise.com\/fr\/wp-json\/wp\/v2\/product_tag?post=9672"}],"curies":[{"name":"wp","href":"https:\/\/api.w.org\/{rel}","templated":true}]}}