{"id":9677,"date":"2023-09-11T12:16:19","date_gmt":"2023-09-11T12:16:19","guid":{"rendered":"https:\/\/climate-wise.com\/?post_type=product&#038;p=9677"},"modified":"2023-09-11T12:16:40","modified_gmt":"2023-09-11T12:16:40","slug":"tasse-a-cafe-ecologique-en-bambou","status":"publish","type":"product","link":"https:\/\/climate-wise.com\/fr\/produit\/tasse-a-cafe-ecologique-en-bambou\/","title":{"rendered":"Tasse \u00e0 caf\u00e9 \u00e9cologique en bambou"},"content":{"rendered":"","protected":false},"excerpt":{"rendered":"<p>Cette tasse \u00e0 caf\u00e9 est fabriqu\u00e9e \u00e0 la main \u00e0 la taille d&rsquo;un caf\u00e9 \u00e0 emporter standard. Portez-vous \u00e0 votre caf\u00e9 local et utilisez simplement le remplissage. Cela \u00e9conomisera sur les tasses et les plastiques et, esp\u00e9rons-le, encouragera les autres \u00e0 faire de m\u00eame que vous montrez votre exemple.<\/p>\n","protected":false},"featured_media":9678,"comment_status":"open","ping_status":"closed","template":"","meta":[],"product_cat":[180],"product_tag":[],"class_list":{"0":"post-9677","1":"product","2":"type-product","3":"status-publish","4":"has-post-thumbnail","6":"product_cat-non-classifiee","7":"entry","9":"first","10":"instock","11":"shipping-taxable","12":"purchasable","13":"product-type-simple"},"acf":[],"yoast_head":"<!-- This site is optimized with the Yoast SEO plugin v25.1 - https:\/\/yoast.com\/wordpress\/plugins\/seo\/ -->\n<title>Tasse \u00e0 caf\u00e9 \u00e9cologique en bambou - Climate Wise<\/title>\n<meta name=\"robots\" content=\"index, follow, max-snippet:-1, max-image-preview:large, max-video-preview:-1\" \/>\n<link rel=\"canonical\" href=\"https:\/\/climate-wise.com\/produit\/tasse-a-cafe-ecologique-en-bambou\/?lang=fr\" \/>\n<meta property=\"og:locale\" content=\"fr_FR\" \/>\n<meta property=\"og:type\" content=\"article\" \/>\n<meta property=\"og:title\" content=\"Tasse \u00e0 caf\u00e9 \u00e9cologique en bambou - Climate Wise\" \/>\n<meta property=\"og:description\" content=\"Cette tasse \u00e0 caf\u00e9 est fabriqu\u00e9e \u00e0 la main \u00e0 la taille d&#039;un caf\u00e9 \u00e0 emporter standard. Portez-vous \u00e0 votre caf\u00e9 local et utilisez simplement le remplissage. Cela \u00e9conomisera sur les tasses et les plastiques et, esp\u00e9rons-le, encouragera les autres \u00e0 faire de m\u00eame que vous montrez votre exemple.\" \/>\n<meta property=\"og:url\" content=\"https:\/\/climate-wise.com\/produit\/tasse-a-cafe-ecologique-en-bambou\/?lang=fr\" \/>\n<meta property=\"og:site_name\" content=\"Climate Wise\" \/>\n<meta property=\"article:modified_time\" content=\"2023-09-11T12:16:40+00:00\" \/>\n<meta property=\"og:image\" content=\"https:\/\/climate-wise.com\/wp-content\/uploads\/2023\/09\/Cup-1.jpg\" \/>\n\t<meta property=\"og:image:width\" content=\"1000\" \/>\n\t<meta property=\"og:image:height\" content=\"1000\" \/>\n\t<meta property=\"og:image:type\" content=\"image\/jpeg\" \/>\n<meta name=\"twitter:card\" content=\"summary_large_image\" \/>\n<script type=\"application\/ld+json\" class=\"yoast-schema-graph\">{\"@context\":\"https:\/\/schema.org\",\"@graph\":[{\"@type\":\"WebPage\",\"@id\":\"https:\/\/climate-wise.com\/produit\/tasse-a-cafe-ecologique-en-bambou\/?lang=fr\",\"url\":\"https:\/\/climate-wise.com\/produit\/tasse-a-cafe-ecologique-en-bambou\/?lang=fr\",\"name\":\"Tasse \u00e0 caf\u00e9 \u00e9cologique en bambou - Climate Wise\",\"isPartOf\":{\"@id\":\"https:\/\/climate-wise.com\/#website\"},\"primaryImageOfPage\":{\"@id\":\"https:\/\/climate-wise.com\/produit\/tasse-a-cafe-ecologique-en-bambou\/?lang=fr#primaryimage\"},\"image\":{\"@id\":\"https:\/\/climate-wise.com\/produit\/tasse-a-cafe-ecologique-en-bambou\/?lang=fr#primaryimage\"},\"thumbnailUrl\":\"https:\/\/climate-wise.com\/wp-content\/uploads\/2023\/09\/Cup-1.jpg\",\"datePublished\":\"2023-09-11T12:16:19+00:00\",\"dateModified\":\"2023-09-11T12:16:40+00:00\",\"breadcrumb\":{\"@id\":\"https:\/\/climate-wise.com\/produit\/tasse-a-cafe-ecologique-en-bambou\/?lang=fr#breadcrumb\"},\"inLanguage\":\"fr-FR\",\"potentialAction\":[{\"@type\":\"ReadAction\",\"target\":[\"https:\/\/climate-wise.com\/produit\/tasse-a-cafe-ecologique-en-bambou\/?lang=fr\"]}]},{\"@type\":\"ImageObject\",\"inLanguage\":\"fr-FR\",\"@id\":\"https:\/\/climate-wise.com\/produit\/tasse-a-cafe-ecologique-en-bambou\/?lang=fr#primaryimage\",\"url\":\"https:\/\/climate-wise.com\/wp-content\/uploads\/2023\/09\/Cup-1.jpg\",\"contentUrl\":\"https:\/\/climate-wise.com\/wp-content\/uploads\/2023\/09\/Cup-1.jpg\",\"width\":1000,\"height\":1000},{\"@type\":\"BreadcrumbList\",\"@id\":\"https:\/\/climate-wise.com\/produit\/tasse-a-cafe-ecologique-en-bambou\/?lang=fr#breadcrumb\",\"itemListElement\":[{\"@type\":\"ListItem\",\"position\":1,\"name\":\"Home\",\"item\":\"https:\/\/climate-wise.com\/\"},{\"@type\":\"ListItem\",\"position\":2,\"name\":\"Boutique\",\"item\":\"https:\/\/climate-wise.com\/boutique\/?lang=fr\"},{\"@type\":\"ListItem\",\"position\":3,\"name\":\"Tasse \u00e0 caf\u00e9 \u00e9cologique en bambou\"}]},{\"@type\":\"WebSite\",\"@id\":\"https:\/\/climate-wise.com\/#website\",\"url\":\"https:\/\/climate-wise.com\/\",\"name\":\"Climate Wise\",\"description\":\"\",\"publisher\":{\"@id\":\"https:\/\/climate-wise.com\/#organization\"},\"potentialAction\":[{\"@type\":\"SearchAction\",\"target\":{\"@type\":\"EntryPoint\",\"urlTemplate\":\"https:\/\/climate-wise.com\/?s={search_term_string}\"},\"query-input\":{\"@type\":\"PropertyValueSpecification\",\"valueRequired\":true,\"valueName\":\"search_term_string\"}}],\"inLanguage\":\"fr-FR\"},{\"@type\":\"Organization\",\"@id\":\"https:\/\/climate-wise.com\/#organization\",\"name\":\"Climate Wise\",\"url\":\"https:\/\/climate-wise.com\/\",\"logo\":{\"@type\":\"ImageObject\",\"inLanguage\":\"fr-FR\",\"@id\":\"https:\/\/climate-wise.com\/#\/schema\/logo\/image\/\",\"url\":\"https:\/\/climate-wise.com\/wp-content\/uploads\/2023\/10\/logo-5.png\",\"contentUrl\":\"https:\/\/climate-wise.com\/wp-content\/uploads\/2023\/10\/logo-5.png\",\"width\":209,\"height\":66,\"caption\":\"Climate Wise\"},\"image\":{\"@id\":\"https:\/\/climate-wise.com\/#\/schema\/logo\/image\/\"}}]}<\/script>\n<!-- \/ Yoast SEO plugin. -->","yoast_head_json":{"title":"Tasse \u00e0 caf\u00e9 \u00e9cologique en bambou - Climate Wise","robots":{"index":"index","follow":"follow","max-snippet":"max-snippet:-1","max-image-preview":"max-image-preview:large","max-video-preview":"max-video-preview:-1"},"canonical":"https:\/\/climate-wise.com\/produit\/tasse-a-cafe-ecologique-en-bambou\/?lang=fr","og_locale":"fr_FR","og_type":"article","og_title":"Tasse \u00e0 caf\u00e9 \u00e9cologique en bambou - Climate Wise","og_description":"Cette tasse \u00e0 caf\u00e9 est fabriqu\u00e9e \u00e0 la main \u00e0 la taille d'un caf\u00e9 \u00e0 emporter standard. Portez-vous \u00e0 votre caf\u00e9 local et utilisez simplement le remplissage. Cela \u00e9conomisera sur les tasses et les plastiques et, esp\u00e9rons-le, encouragera les autres \u00e0 faire de m\u00eame que vous montrez votre exemple.","og_url":"https:\/\/climate-wise.com\/produit\/tasse-a-cafe-ecologique-en-bambou\/?lang=fr","og_site_name":"Climate Wise","article_modified_time":"2023-09-11T12:16:40+00:00","og_image":[{"width":1000,"height":1000,"url":"https:\/\/climate-wise.com\/wp-content\/uploads\/2023\/09\/Cup-1.jpg","type":"image\/jpeg"}],"twitter_card":"summary_large_image","schema":{"@context":"https:\/\/schema.org","@graph":[{"@type":"WebPage","@id":"https:\/\/climate-wise.com\/produit\/tasse-a-cafe-ecologique-en-bambou\/?lang=fr","url":"https:\/\/climate-wise.com\/produit\/tasse-a-cafe-ecologique-en-bambou\/?lang=fr","name":"Tasse \u00e0 caf\u00e9 \u00e9cologique en bambou - Climate Wise","isPartOf":{"@id":"https:\/\/climate-wise.com\/#website"},"primaryImageOfPage":{"@id":"https:\/\/climate-wise.com\/produit\/tasse-a-cafe-ecologique-en-bambou\/?lang=fr#primaryimage"},"image":{"@id":"https:\/\/climate-wise.com\/produit\/tasse-a-cafe-ecologique-en-bambou\/?lang=fr#primaryimage"},"thumbnailUrl":"https:\/\/climate-wise.com\/wp-content\/uploads\/2023\/09\/Cup-1.jpg","datePublished":"2023-09-11T12:16:19+00:00","dateModified":"2023-09-11T12:16:40+00:00","breadcrumb":{"@id":"https:\/\/climate-wise.com\/produit\/tasse-a-cafe-ecologique-en-bambou\/?lang=fr#breadcrumb"},"inLanguage":"fr-FR","potentialAction":[{"@type":"ReadAction","target":["https:\/\/climate-wise.com\/produit\/tasse-a-cafe-ecologique-en-bambou\/?lang=fr"]}]},{"@type":"ImageObject","inLanguage":"fr-FR","@id":"https:\/\/climate-wise.com\/produit\/tasse-a-cafe-ecologique-en-bambou\/?lang=fr#primaryimage","url":"https:\/\/climate-wise.com\/wp-content\/uploads\/2023\/09\/Cup-1.jpg","contentUrl":"https:\/\/climate-wise.com\/wp-content\/uploads\/2023\/09\/Cup-1.jpg","width":1000,"height":1000},{"@type":"BreadcrumbList","@id":"https:\/\/climate-wise.com\/produit\/tasse-a-cafe-ecologique-en-bambou\/?lang=fr#breadcrumb","itemListElement":[{"@type":"ListItem","position":1,"name":"Home","item":"https:\/\/climate-wise.com\/"},{"@type":"ListItem","position":2,"name":"Boutique","item":"https:\/\/climate-wise.com\/boutique\/?lang=fr"},{"@type":"ListItem","position":3,"name":"Tasse \u00e0 caf\u00e9 \u00e9cologique en bambou"}]},{"@type":"WebSite","@id":"https:\/\/climate-wise.com\/#website","url":"https:\/\/climate-wise.com\/","name":"Climate Wise","description":"","publisher":{"@id":"https:\/\/climate-wise.com\/#organization"},"potentialAction":[{"@type":"SearchAction","target":{"@type":"EntryPoint","urlTemplate":"https:\/\/climate-wise.com\/?s={search_term_string}"},"query-input":{"@type":"PropertyValueSpecification","valueRequired":true,"valueName":"search_term_string"}}],"inLanguage":"fr-FR"},{"@type":"Organization","@id":"https:\/\/climate-wise.com\/#organization","name":"Climate Wise","url":"https:\/\/climate-wise.com\/","logo":{"@type":"ImageObject","inLanguage":"fr-FR","@id":"https:\/\/climate-wise.com\/#\/schema\/logo\/image\/","url":"https:\/\/climate-wise.com\/wp-content\/uploads\/2023\/10\/logo-5.png","contentUrl":"https:\/\/climate-wise.com\/wp-content\/uploads\/2023\/10\/logo-5.png","width":209,"height":66,"caption":"Climate Wise"},"image":{"@id":"https:\/\/climate-wise.com\/#\/schema\/logo\/image\/"}}]}},"post_mailing_queue_ids":[],"_links":{"self":[{"href":"https:\/\/climate-wise.com\/fr\/wp-json\/wp\/v2\/product\/9677","targetHints":{"allow":["GET"]}}],"collection":[{"href":"https:\/\/climate-wise.com\/fr\/wp-json\/wp\/v2\/product"}],"about":[{"href":"https:\/\/climate-wise.com\/fr\/wp-json\/wp\/v2\/types\/product"}],"replies":[{"embeddable":true,"href":"https:\/\/climate-wise.com\/fr\/wp-json\/wp\/v2\/comments?post=9677"}],"wp:featuredmedia":[{"embeddable":true,"href":"https:\/\/climate-wise.com\/fr\/wp-json\/wp\/v2\/media\/9678"}],"wp:attachment":[{"href":"https:\/\/climate-wise.com\/fr\/wp-json\/wp\/v2\/media?parent=9677"}],"wp:term":[{"taxonomy":"product_cat","embeddable":true,"href":"https:\/\/climate-wise.com\/fr\/wp-json\/wp\/v2\/product_cat?post=9677"},{"taxonomy":"product_tag","embeddable":true,"href":"https:\/\/climate-wise.com\/fr\/wp-json\/wp\/v2\/product_tag?post=9677"}],"curies":[{"name":"wp","href":"https:\/\/api.w.org\/{rel}","templated":true}]}}