{"id":9692,"date":"2023-09-11T12:24:51","date_gmt":"2023-09-11T12:24:51","guid":{"rendered":"https:\/\/climate-wise.com\/?post_type=product&#038;p=9692"},"modified":"2023-09-11T12:24:51","modified_gmt":"2023-09-11T12:24:51","slug":"bouteille-deau","status":"publish","type":"product","link":"https:\/\/climate-wise.com\/fr\/produit\/bouteille-deau\/","title":{"rendered":"Bouteille d&rsquo;eau"},"content":{"rendered":"<p>Cette bouteille d&rsquo;eau en m\u00e9tal \u00e0 double paroi de 500 ml est de la taille parfaite \u00e0 emporter avec vous lorsque vous vous concentrez sur votre propre sant\u00e9 et votre hydratation. Gardez votre boisson fra\u00eeche, vous aiderez le climat en r\u00e9duisant votre besoin d&rsquo;utiliser des bouteilles ou des tasses en plastique. Cette bouteille peut \u00eatre avec vous partout et vous pouvez rejoindre notre communaut\u00e9 alors que nous cherchons \u00e0 mettre des photos de nos bouteilles d&rsquo;eau Climate Wise dans le monde entier sur notre site Web. Voyez si vous pouvez en obtenir un dans un endroit plus \u00e9loign\u00e9 ?<\/p>\n","protected":false},"excerpt":{"rendered":"<p>Cette bouteille d&rsquo;eau en m\u00e9tal \u00e0 double paroi de 500 ml est de la taille parfaite \u00e0 emporter avec vous lorsque vous vous concentrez sur votre propre sant\u00e9 et votre hydratation. Gardez votre boisson fra\u00eeche, vous aiderez le climat en r\u00e9duisant votre besoin d&rsquo;utiliser des bouteilles ou des tasses en plastique. Cette bouteille peut \u00eatre avec vous partout et vous pouvez rejoindre notre communaut\u00e9 alors que nous cherchons \u00e0 mettre des photos de nos bouteilles d&rsquo;eau Climate Wise dans le monde entier sur notre site Web. Voyez si vous pouvez en obtenir un dans un endroit plus \u00e9loign\u00e9 ?<\/p>\n","protected":false},"featured_media":9693,"comment_status":"open","ping_status":"closed","template":"","meta":[],"product_cat":[180],"product_tag":[],"class_list":{"0":"post-9692","1":"product","2":"type-product","3":"status-publish","4":"has-post-thumbnail","6":"product_cat-non-classifiee","7":"entry","9":"first","10":"instock","11":"shipping-taxable","12":"purchasable","13":"product-type-simple"},"acf":[],"yoast_head":"<!-- This site is optimized with the Yoast SEO plugin v25.1 - https:\/\/yoast.com\/wordpress\/plugins\/seo\/ -->\n<title>Bouteille d&#039;eau - Climate Wise<\/title>\n<meta name=\"robots\" content=\"index, follow, max-snippet:-1, max-image-preview:large, max-video-preview:-1\" \/>\n<link rel=\"canonical\" href=\"https:\/\/climate-wise.com\/produit\/bouteille-deau\/?lang=fr\" \/>\n<meta property=\"og:locale\" content=\"fr_FR\" \/>\n<meta property=\"og:type\" content=\"article\" \/>\n<meta property=\"og:title\" content=\"Bouteille d&#039;eau - Climate Wise\" \/>\n<meta property=\"og:description\" content=\"Cette bouteille d&#039;eau en m\u00e9tal \u00e0 double paroi de 500 ml est de la taille parfaite \u00e0 emporter avec vous lorsque vous vous concentrez sur votre propre sant\u00e9 et votre hydratation. Gardez votre boisson fra\u00eeche, vous aiderez le climat en r\u00e9duisant votre besoin d&#039;utiliser des bouteilles ou des tasses en plastique. Cette bouteille peut \u00eatre avec vous partout et vous pouvez rejoindre notre communaut\u00e9 alors que nous cherchons \u00e0 mettre des photos de nos bouteilles d&#039;eau Climate Wise dans le monde entier sur notre site Web. Voyez si vous pouvez en obtenir un dans un endroit plus \u00e9loign\u00e9 ?\" \/>\n<meta property=\"og:url\" content=\"https:\/\/climate-wise.com\/produit\/bouteille-deau\/?lang=fr\" \/>\n<meta property=\"og:site_name\" content=\"Climate Wise\" \/>\n<meta property=\"og:image\" content=\"https:\/\/climate-wise.com\/wp-content\/uploads\/2023\/09\/Bottle-CW.jpg\" \/>\n\t<meta property=\"og:image:width\" content=\"1000\" \/>\n\t<meta property=\"og:image:height\" content=\"1000\" \/>\n\t<meta property=\"og:image:type\" content=\"image\/jpeg\" \/>\n<meta name=\"twitter:card\" content=\"summary_large_image\" \/>\n<script type=\"application\/ld+json\" class=\"yoast-schema-graph\">{\"@context\":\"https:\/\/schema.org\",\"@graph\":[{\"@type\":\"WebPage\",\"@id\":\"https:\/\/climate-wise.com\/produit\/bouteille-deau\/?lang=fr\",\"url\":\"https:\/\/climate-wise.com\/produit\/bouteille-deau\/?lang=fr\",\"name\":\"Bouteille d'eau - Climate Wise\",\"isPartOf\":{\"@id\":\"https:\/\/climate-wise.com\/#website\"},\"primaryImageOfPage\":{\"@id\":\"https:\/\/climate-wise.com\/produit\/bouteille-deau\/?lang=fr#primaryimage\"},\"image\":{\"@id\":\"https:\/\/climate-wise.com\/produit\/bouteille-deau\/?lang=fr#primaryimage\"},\"thumbnailUrl\":\"https:\/\/climate-wise.com\/wp-content\/uploads\/2023\/09\/Bottle-CW.jpg\",\"datePublished\":\"2023-09-11T12:24:51+00:00\",\"breadcrumb\":{\"@id\":\"https:\/\/climate-wise.com\/produit\/bouteille-deau\/?lang=fr#breadcrumb\"},\"inLanguage\":\"fr-FR\",\"potentialAction\":[{\"@type\":\"ReadAction\",\"target\":[\"https:\/\/climate-wise.com\/produit\/bouteille-deau\/?lang=fr\"]}]},{\"@type\":\"ImageObject\",\"inLanguage\":\"fr-FR\",\"@id\":\"https:\/\/climate-wise.com\/produit\/bouteille-deau\/?lang=fr#primaryimage\",\"url\":\"https:\/\/climate-wise.com\/wp-content\/uploads\/2023\/09\/Bottle-CW.jpg\",\"contentUrl\":\"https:\/\/climate-wise.com\/wp-content\/uploads\/2023\/09\/Bottle-CW.jpg\",\"width\":1000,\"height\":1000},{\"@type\":\"BreadcrumbList\",\"@id\":\"https:\/\/climate-wise.com\/produit\/bouteille-deau\/?lang=fr#breadcrumb\",\"itemListElement\":[{\"@type\":\"ListItem\",\"position\":1,\"name\":\"Home\",\"item\":\"https:\/\/climate-wise.com\/\"},{\"@type\":\"ListItem\",\"position\":2,\"name\":\"Boutique\",\"item\":\"https:\/\/climate-wise.com\/boutique\/?lang=fr\"},{\"@type\":\"ListItem\",\"position\":3,\"name\":\"Bouteille d&#8217;eau\"}]},{\"@type\":\"WebSite\",\"@id\":\"https:\/\/climate-wise.com\/#website\",\"url\":\"https:\/\/climate-wise.com\/\",\"name\":\"Climate Wise\",\"description\":\"\",\"publisher\":{\"@id\":\"https:\/\/climate-wise.com\/#organization\"},\"potentialAction\":[{\"@type\":\"SearchAction\",\"target\":{\"@type\":\"EntryPoint\",\"urlTemplate\":\"https:\/\/climate-wise.com\/?s={search_term_string}\"},\"query-input\":{\"@type\":\"PropertyValueSpecification\",\"valueRequired\":true,\"valueName\":\"search_term_string\"}}],\"inLanguage\":\"fr-FR\"},{\"@type\":\"Organization\",\"@id\":\"https:\/\/climate-wise.com\/#organization\",\"name\":\"Climate Wise\",\"url\":\"https:\/\/climate-wise.com\/\",\"logo\":{\"@type\":\"ImageObject\",\"inLanguage\":\"fr-FR\",\"@id\":\"https:\/\/climate-wise.com\/#\/schema\/logo\/image\/\",\"url\":\"https:\/\/climate-wise.com\/wp-content\/uploads\/2023\/10\/logo-5.png\",\"contentUrl\":\"https:\/\/climate-wise.com\/wp-content\/uploads\/2023\/10\/logo-5.png\",\"width\":209,\"height\":66,\"caption\":\"Climate Wise\"},\"image\":{\"@id\":\"https:\/\/climate-wise.com\/#\/schema\/logo\/image\/\"}}]}<\/script>\n<!-- \/ Yoast SEO plugin. -->","yoast_head_json":{"title":"Bouteille d'eau - Climate Wise","robots":{"index":"index","follow":"follow","max-snippet":"max-snippet:-1","max-image-preview":"max-image-preview:large","max-video-preview":"max-video-preview:-1"},"canonical":"https:\/\/climate-wise.com\/produit\/bouteille-deau\/?lang=fr","og_locale":"fr_FR","og_type":"article","og_title":"Bouteille d'eau - Climate Wise","og_description":"Cette bouteille d'eau en m\u00e9tal \u00e0 double paroi de 500 ml est de la taille parfaite \u00e0 emporter avec vous lorsque vous vous concentrez sur votre propre sant\u00e9 et votre hydratation. Gardez votre boisson fra\u00eeche, vous aiderez le climat en r\u00e9duisant votre besoin d'utiliser des bouteilles ou des tasses en plastique. Cette bouteille peut \u00eatre avec vous partout et vous pouvez rejoindre notre communaut\u00e9 alors que nous cherchons \u00e0 mettre des photos de nos bouteilles d'eau Climate Wise dans le monde entier sur notre site Web. Voyez si vous pouvez en obtenir un dans un endroit plus \u00e9loign\u00e9 ?","og_url":"https:\/\/climate-wise.com\/produit\/bouteille-deau\/?lang=fr","og_site_name":"Climate Wise","og_image":[{"width":1000,"height":1000,"url":"https:\/\/climate-wise.com\/wp-content\/uploads\/2023\/09\/Bottle-CW.jpg","type":"image\/jpeg"}],"twitter_card":"summary_large_image","schema":{"@context":"https:\/\/schema.org","@graph":[{"@type":"WebPage","@id":"https:\/\/climate-wise.com\/produit\/bouteille-deau\/?lang=fr","url":"https:\/\/climate-wise.com\/produit\/bouteille-deau\/?lang=fr","name":"Bouteille d'eau - Climate Wise","isPartOf":{"@id":"https:\/\/climate-wise.com\/#website"},"primaryImageOfPage":{"@id":"https:\/\/climate-wise.com\/produit\/bouteille-deau\/?lang=fr#primaryimage"},"image":{"@id":"https:\/\/climate-wise.com\/produit\/bouteille-deau\/?lang=fr#primaryimage"},"thumbnailUrl":"https:\/\/climate-wise.com\/wp-content\/uploads\/2023\/09\/Bottle-CW.jpg","datePublished":"2023-09-11T12:24:51+00:00","breadcrumb":{"@id":"https:\/\/climate-wise.com\/produit\/bouteille-deau\/?lang=fr#breadcrumb"},"inLanguage":"fr-FR","potentialAction":[{"@type":"ReadAction","target":["https:\/\/climate-wise.com\/produit\/bouteille-deau\/?lang=fr"]}]},{"@type":"ImageObject","inLanguage":"fr-FR","@id":"https:\/\/climate-wise.com\/produit\/bouteille-deau\/?lang=fr#primaryimage","url":"https:\/\/climate-wise.com\/wp-content\/uploads\/2023\/09\/Bottle-CW.jpg","contentUrl":"https:\/\/climate-wise.com\/wp-content\/uploads\/2023\/09\/Bottle-CW.jpg","width":1000,"height":1000},{"@type":"BreadcrumbList","@id":"https:\/\/climate-wise.com\/produit\/bouteille-deau\/?lang=fr#breadcrumb","itemListElement":[{"@type":"ListItem","position":1,"name":"Home","item":"https:\/\/climate-wise.com\/"},{"@type":"ListItem","position":2,"name":"Boutique","item":"https:\/\/climate-wise.com\/boutique\/?lang=fr"},{"@type":"ListItem","position":3,"name":"Bouteille d&#8217;eau"}]},{"@type":"WebSite","@id":"https:\/\/climate-wise.com\/#website","url":"https:\/\/climate-wise.com\/","name":"Climate Wise","description":"","publisher":{"@id":"https:\/\/climate-wise.com\/#organization"},"potentialAction":[{"@type":"SearchAction","target":{"@type":"EntryPoint","urlTemplate":"https:\/\/climate-wise.com\/?s={search_term_string}"},"query-input":{"@type":"PropertyValueSpecification","valueRequired":true,"valueName":"search_term_string"}}],"inLanguage":"fr-FR"},{"@type":"Organization","@id":"https:\/\/climate-wise.com\/#organization","name":"Climate Wise","url":"https:\/\/climate-wise.com\/","logo":{"@type":"ImageObject","inLanguage":"fr-FR","@id":"https:\/\/climate-wise.com\/#\/schema\/logo\/image\/","url":"https:\/\/climate-wise.com\/wp-content\/uploads\/2023\/10\/logo-5.png","contentUrl":"https:\/\/climate-wise.com\/wp-content\/uploads\/2023\/10\/logo-5.png","width":209,"height":66,"caption":"Climate Wise"},"image":{"@id":"https:\/\/climate-wise.com\/#\/schema\/logo\/image\/"}}]}},"post_mailing_queue_ids":[],"_links":{"self":[{"href":"https:\/\/climate-wise.com\/fr\/wp-json\/wp\/v2\/product\/9692","targetHints":{"allow":["GET"]}}],"collection":[{"href":"https:\/\/climate-wise.com\/fr\/wp-json\/wp\/v2\/product"}],"about":[{"href":"https:\/\/climate-wise.com\/fr\/wp-json\/wp\/v2\/types\/product"}],"replies":[{"embeddable":true,"href":"https:\/\/climate-wise.com\/fr\/wp-json\/wp\/v2\/comments?post=9692"}],"wp:featuredmedia":[{"embeddable":true,"href":"https:\/\/climate-wise.com\/fr\/wp-json\/wp\/v2\/media\/9693"}],"wp:attachment":[{"href":"https:\/\/climate-wise.com\/fr\/wp-json\/wp\/v2\/media?parent=9692"}],"wp:term":[{"taxonomy":"product_cat","embeddable":true,"href":"https:\/\/climate-wise.com\/fr\/wp-json\/wp\/v2\/product_cat?post=9692"},{"taxonomy":"product_tag","embeddable":true,"href":"https:\/\/climate-wise.com\/fr\/wp-json\/wp\/v2\/product_tag?post=9692"}],"curies":[{"name":"wp","href":"https:\/\/api.w.org\/{rel}","templated":true}]}}