{"id":9697,"date":"2023-09-11T12:27:36","date_gmt":"2023-09-11T12:27:36","guid":{"rendered":"https:\/\/climate-wise.com\/?post_type=product&#038;p=9697"},"modified":"2023-09-11T12:27:37","modified_gmt":"2023-09-11T12:27:37","slug":"sac-en-jute","status":"publish","type":"product","link":"https:\/\/climate-wise.com\/fr\/produit\/sac-en-jute\/","title":{"rendered":"Sac en jute"},"content":{"rendered":"<p>Sac \u00e0 provisions multifonctionnel en jute biod\u00e9gradable. Ce petit sac est le compl\u00e9ment parfait pour votre promenade en ville pour un caf\u00e9. Lorsque vous effectuez vos petits achats, vous supprimez le besoin de tout autre sac en papier ou en plastique, tout en aidant \u00e0 soutenir Climate Wise et \u00e0 faire passer le mot.<\/p>\n","protected":false},"excerpt":{"rendered":"<p>Sac \u00e0 provisions multifonctionnel en jute biod\u00e9gradable. Ce petit sac est le compl\u00e9ment parfait pour votre promenade en ville pour un caf\u00e9. Lorsque vous effectuez vos petits achats, vous supprimez le besoin de tout autre sac en papier ou en plastique, tout en aidant \u00e0 soutenir Climate Wise et \u00e0 faire passer le mot.<\/p>\n","protected":false},"featured_media":9698,"comment_status":"open","ping_status":"closed","template":"","meta":[],"product_cat":[180],"product_tag":[],"class_list":{"0":"post-9697","1":"product","2":"type-product","3":"status-publish","4":"has-post-thumbnail","6":"product_cat-non-classifiee","7":"entry","9":"first","10":"instock","11":"shipping-taxable","12":"purchasable","13":"product-type-simple"},"acf":[],"yoast_head":"<!-- This site is optimized with the Yoast SEO plugin v25.1 - https:\/\/yoast.com\/wordpress\/plugins\/seo\/ -->\n<title>Sac en jute - Climate Wise<\/title>\n<meta name=\"robots\" content=\"index, follow, max-snippet:-1, max-image-preview:large, max-video-preview:-1\" \/>\n<link rel=\"canonical\" href=\"https:\/\/climate-wise.com\/produit\/sac-en-jute\/?lang=fr\" \/>\n<meta property=\"og:locale\" content=\"fr_FR\" \/>\n<meta property=\"og:type\" content=\"article\" \/>\n<meta property=\"og:title\" content=\"Sac en jute - Climate Wise\" \/>\n<meta property=\"og:description\" content=\"Sac \u00e0 provisions multifonctionnel en jute biod\u00e9gradable. Ce petit sac est le compl\u00e9ment parfait pour votre promenade en ville pour un caf\u00e9. Lorsque vous effectuez vos petits achats, vous supprimez le besoin de tout autre sac en papier ou en plastique, tout en aidant \u00e0 soutenir Climate Wise et \u00e0 faire passer le mot.\" \/>\n<meta property=\"og:url\" content=\"https:\/\/climate-wise.com\/produit\/sac-en-jute\/?lang=fr\" \/>\n<meta property=\"og:site_name\" content=\"Climate Wise\" \/>\n<meta property=\"article:modified_time\" content=\"2023-09-11T12:27:37+00:00\" \/>\n<meta property=\"og:image\" content=\"https:\/\/climate-wise.com\/wp-content\/uploads\/2023\/09\/Jute-Bag-1.jpg\" \/>\n\t<meta property=\"og:image:width\" content=\"1000\" \/>\n\t<meta property=\"og:image:height\" content=\"1000\" \/>\n\t<meta property=\"og:image:type\" content=\"image\/jpeg\" \/>\n<meta name=\"twitter:card\" content=\"summary_large_image\" \/>\n<script type=\"application\/ld+json\" class=\"yoast-schema-graph\">{\"@context\":\"https:\/\/schema.org\",\"@graph\":[{\"@type\":\"WebPage\",\"@id\":\"https:\/\/climate-wise.com\/produit\/sac-en-jute\/?lang=fr\",\"url\":\"https:\/\/climate-wise.com\/produit\/sac-en-jute\/?lang=fr\",\"name\":\"Sac en jute - Climate Wise\",\"isPartOf\":{\"@id\":\"https:\/\/climate-wise.com\/#website\"},\"primaryImageOfPage\":{\"@id\":\"https:\/\/climate-wise.com\/produit\/sac-en-jute\/?lang=fr#primaryimage\"},\"image\":{\"@id\":\"https:\/\/climate-wise.com\/produit\/sac-en-jute\/?lang=fr#primaryimage\"},\"thumbnailUrl\":\"https:\/\/climate-wise.com\/wp-content\/uploads\/2023\/09\/Jute-Bag-1.jpg\",\"datePublished\":\"2023-09-11T12:27:36+00:00\",\"dateModified\":\"2023-09-11T12:27:37+00:00\",\"breadcrumb\":{\"@id\":\"https:\/\/climate-wise.com\/produit\/sac-en-jute\/?lang=fr#breadcrumb\"},\"inLanguage\":\"fr-FR\",\"potentialAction\":[{\"@type\":\"ReadAction\",\"target\":[\"https:\/\/climate-wise.com\/produit\/sac-en-jute\/?lang=fr\"]}]},{\"@type\":\"ImageObject\",\"inLanguage\":\"fr-FR\",\"@id\":\"https:\/\/climate-wise.com\/produit\/sac-en-jute\/?lang=fr#primaryimage\",\"url\":\"https:\/\/climate-wise.com\/wp-content\/uploads\/2023\/09\/Jute-Bag-1.jpg\",\"contentUrl\":\"https:\/\/climate-wise.com\/wp-content\/uploads\/2023\/09\/Jute-Bag-1.jpg\",\"width\":1000,\"height\":1000},{\"@type\":\"BreadcrumbList\",\"@id\":\"https:\/\/climate-wise.com\/produit\/sac-en-jute\/?lang=fr#breadcrumb\",\"itemListElement\":[{\"@type\":\"ListItem\",\"position\":1,\"name\":\"Home\",\"item\":\"https:\/\/climate-wise.com\/\"},{\"@type\":\"ListItem\",\"position\":2,\"name\":\"Boutique\",\"item\":\"https:\/\/climate-wise.com\/boutique\/?lang=fr\"},{\"@type\":\"ListItem\",\"position\":3,\"name\":\"Sac en jute\"}]},{\"@type\":\"WebSite\",\"@id\":\"https:\/\/climate-wise.com\/#website\",\"url\":\"https:\/\/climate-wise.com\/\",\"name\":\"Climate Wise\",\"description\":\"\",\"publisher\":{\"@id\":\"https:\/\/climate-wise.com\/#organization\"},\"potentialAction\":[{\"@type\":\"SearchAction\",\"target\":{\"@type\":\"EntryPoint\",\"urlTemplate\":\"https:\/\/climate-wise.com\/?s={search_term_string}\"},\"query-input\":{\"@type\":\"PropertyValueSpecification\",\"valueRequired\":true,\"valueName\":\"search_term_string\"}}],\"inLanguage\":\"fr-FR\"},{\"@type\":\"Organization\",\"@id\":\"https:\/\/climate-wise.com\/#organization\",\"name\":\"Climate Wise\",\"url\":\"https:\/\/climate-wise.com\/\",\"logo\":{\"@type\":\"ImageObject\",\"inLanguage\":\"fr-FR\",\"@id\":\"https:\/\/climate-wise.com\/#\/schema\/logo\/image\/\",\"url\":\"https:\/\/climate-wise.com\/wp-content\/uploads\/2023\/10\/logo-5.png\",\"contentUrl\":\"https:\/\/climate-wise.com\/wp-content\/uploads\/2023\/10\/logo-5.png\",\"width\":209,\"height\":66,\"caption\":\"Climate Wise\"},\"image\":{\"@id\":\"https:\/\/climate-wise.com\/#\/schema\/logo\/image\/\"}}]}<\/script>\n<!-- \/ Yoast SEO plugin. -->","yoast_head_json":{"title":"Sac en jute - Climate Wise","robots":{"index":"index","follow":"follow","max-snippet":"max-snippet:-1","max-image-preview":"max-image-preview:large","max-video-preview":"max-video-preview:-1"},"canonical":"https:\/\/climate-wise.com\/produit\/sac-en-jute\/?lang=fr","og_locale":"fr_FR","og_type":"article","og_title":"Sac en jute - Climate Wise","og_description":"Sac \u00e0 provisions multifonctionnel en jute biod\u00e9gradable. Ce petit sac est le compl\u00e9ment parfait pour votre promenade en ville pour un caf\u00e9. Lorsque vous effectuez vos petits achats, vous supprimez le besoin de tout autre sac en papier ou en plastique, tout en aidant \u00e0 soutenir Climate Wise et \u00e0 faire passer le mot.","og_url":"https:\/\/climate-wise.com\/produit\/sac-en-jute\/?lang=fr","og_site_name":"Climate Wise","article_modified_time":"2023-09-11T12:27:37+00:00","og_image":[{"width":1000,"height":1000,"url":"https:\/\/climate-wise.com\/wp-content\/uploads\/2023\/09\/Jute-Bag-1.jpg","type":"image\/jpeg"}],"twitter_card":"summary_large_image","schema":{"@context":"https:\/\/schema.org","@graph":[{"@type":"WebPage","@id":"https:\/\/climate-wise.com\/produit\/sac-en-jute\/?lang=fr","url":"https:\/\/climate-wise.com\/produit\/sac-en-jute\/?lang=fr","name":"Sac en jute - Climate Wise","isPartOf":{"@id":"https:\/\/climate-wise.com\/#website"},"primaryImageOfPage":{"@id":"https:\/\/climate-wise.com\/produit\/sac-en-jute\/?lang=fr#primaryimage"},"image":{"@id":"https:\/\/climate-wise.com\/produit\/sac-en-jute\/?lang=fr#primaryimage"},"thumbnailUrl":"https:\/\/climate-wise.com\/wp-content\/uploads\/2023\/09\/Jute-Bag-1.jpg","datePublished":"2023-09-11T12:27:36+00:00","dateModified":"2023-09-11T12:27:37+00:00","breadcrumb":{"@id":"https:\/\/climate-wise.com\/produit\/sac-en-jute\/?lang=fr#breadcrumb"},"inLanguage":"fr-FR","potentialAction":[{"@type":"ReadAction","target":["https:\/\/climate-wise.com\/produit\/sac-en-jute\/?lang=fr"]}]},{"@type":"ImageObject","inLanguage":"fr-FR","@id":"https:\/\/climate-wise.com\/produit\/sac-en-jute\/?lang=fr#primaryimage","url":"https:\/\/climate-wise.com\/wp-content\/uploads\/2023\/09\/Jute-Bag-1.jpg","contentUrl":"https:\/\/climate-wise.com\/wp-content\/uploads\/2023\/09\/Jute-Bag-1.jpg","width":1000,"height":1000},{"@type":"BreadcrumbList","@id":"https:\/\/climate-wise.com\/produit\/sac-en-jute\/?lang=fr#breadcrumb","itemListElement":[{"@type":"ListItem","position":1,"name":"Home","item":"https:\/\/climate-wise.com\/"},{"@type":"ListItem","position":2,"name":"Boutique","item":"https:\/\/climate-wise.com\/boutique\/?lang=fr"},{"@type":"ListItem","position":3,"name":"Sac en jute"}]},{"@type":"WebSite","@id":"https:\/\/climate-wise.com\/#website","url":"https:\/\/climate-wise.com\/","name":"Climate Wise","description":"","publisher":{"@id":"https:\/\/climate-wise.com\/#organization"},"potentialAction":[{"@type":"SearchAction","target":{"@type":"EntryPoint","urlTemplate":"https:\/\/climate-wise.com\/?s={search_term_string}"},"query-input":{"@type":"PropertyValueSpecification","valueRequired":true,"valueName":"search_term_string"}}],"inLanguage":"fr-FR"},{"@type":"Organization","@id":"https:\/\/climate-wise.com\/#organization","name":"Climate Wise","url":"https:\/\/climate-wise.com\/","logo":{"@type":"ImageObject","inLanguage":"fr-FR","@id":"https:\/\/climate-wise.com\/#\/schema\/logo\/image\/","url":"https:\/\/climate-wise.com\/wp-content\/uploads\/2023\/10\/logo-5.png","contentUrl":"https:\/\/climate-wise.com\/wp-content\/uploads\/2023\/10\/logo-5.png","width":209,"height":66,"caption":"Climate Wise"},"image":{"@id":"https:\/\/climate-wise.com\/#\/schema\/logo\/image\/"}}]}},"post_mailing_queue_ids":[],"_links":{"self":[{"href":"https:\/\/climate-wise.com\/fr\/wp-json\/wp\/v2\/product\/9697","targetHints":{"allow":["GET"]}}],"collection":[{"href":"https:\/\/climate-wise.com\/fr\/wp-json\/wp\/v2\/product"}],"about":[{"href":"https:\/\/climate-wise.com\/fr\/wp-json\/wp\/v2\/types\/product"}],"replies":[{"embeddable":true,"href":"https:\/\/climate-wise.com\/fr\/wp-json\/wp\/v2\/comments?post=9697"}],"wp:featuredmedia":[{"embeddable":true,"href":"https:\/\/climate-wise.com\/fr\/wp-json\/wp\/v2\/media\/9698"}],"wp:attachment":[{"href":"https:\/\/climate-wise.com\/fr\/wp-json\/wp\/v2\/media?parent=9697"}],"wp:term":[{"taxonomy":"product_cat","embeddable":true,"href":"https:\/\/climate-wise.com\/fr\/wp-json\/wp\/v2\/product_cat?post=9697"},{"taxonomy":"product_tag","embeddable":true,"href":"https:\/\/climate-wise.com\/fr\/wp-json\/wp\/v2\/product_tag?post=9697"}],"curies":[{"name":"wp","href":"https:\/\/api.w.org\/{rel}","templated":true}]}}